{"id":11,"date":"2017-04-20T17:44:02","date_gmt":"2017-04-20T15:44:02","guid":{"rendered":"https:\/\/fidelitytransfert.com\/?page_id=11"},"modified":"2026-04-23T17:57:51","modified_gmt":"2026-04-23T17:57:51","slug":"%d1%8e%d1%80%d0%b8%d0%b4%d0%b8%d1%87%d0%b5%d1%81%d0%ba%d0%b8%d0%b5-%d1%83%d0%b2%d0%b5%d0%b4%d0%be%d0%bc%d0%bb%d0%b5%d0%bd%d0%b8%d1%8f","status":"publish","type":"page","link":"https:\/\/fidelitytransfert.com\/ru\/mentions-legales\/","title":{"rendered":"\u042e\u0440\u0438\u0434\u0438\u0447\u0435\u0441\u043a\u043e\u0435 \u0443\u0432\u0435\u0434\u043e\u043c\u043b\u0435\u043d\u0438\u0435"},"content":{"rendered":"<div data-elementor-type=\"wp-page\" data-elementor-id=\"11\" class=\"elementor elementor-11\" data-elementor-post-type=\"page\">\n\t\t\t\t\t\t<section class=\"elementor-section elementor-top-section elementor-element elementor-element-537e75b1 elementor-section-boxed elementor-section-height-default elementor-section-height-default\" data-id=\"537e75b1\" data-element_type=\"section\" data-e-type=\"section\">\n\t\t\t\t\t\t<div class=\"elementor-container elementor-column-gap-default\">\n\t\t\t\t\t<div class=\"elementor-column elementor-col-100 elementor-top-column elementor-element elementor-element-68c89f8e\" data-id=\"68c89f8e\" data-element_type=\"column\" data-e-type=\"column\">\n\t\t\t<div class=\"elementor-widget-wrap elementor-element-populated\">\n\t\t\t\t\t\t<div class=\"elementor-element elementor-element-6a5ec02 elementor-widget elementor-widget-heading\" data-id=\"6a5ec02\" data-element_type=\"widget\" data-e-type=\"widget\" data-widget_type=\"heading.default\">\n\t\t\t\t<div class=\"elementor-widget-container\">\n\t\t\t\t\t<h1 class=\"elementor-heading-title elementor-size-default\">\u042e\u0440\u0438\u0434\u0438\u0447\u0435\u0441\u043a\u043e\u0435 \u0443\u0432\u0435\u0434\u043e\u043c\u043b\u0435\u043d\u0438\u0435<\/h1>\t\t\t\t<\/div>\n\t\t\t\t<\/div>\n\t\t\t\t<div class=\"elementor-element elementor-element-256ef9d elementor-widget elementor-widget-spacer\" data-id=\"256ef9d\" data-element_type=\"widget\" data-e-type=\"widget\" data-widget_type=\"spacer.default\">\n\t\t\t\t<div class=\"elementor-widget-container\">\n\t\t\t\t\t\t\t<div class=\"elementor-spacer\">\n\t\t\t<div class=\"elementor-spacer-inner\"><\/div>\n\t\t<\/div>\n\t\t\t\t\t\t<\/div>\n\t\t\t\t<\/div>\n\t\t\t\t<div class=\"elementor-element elementor-element-703f5d2c elementor-widget elementor-widget-text-editor\" data-id=\"703f5d2c\" data-element_type=\"widget\" data-e-type=\"widget\" data-widget_type=\"text-editor.default\">\n\t\t\t\t<div class=\"elementor-widget-container\">\n\t\t\t\t\t\t\t\t\t<p><strong>\u0421\u0430\u0439\u0442 <a href=\"https:\/\/fidelitytransfert.com\/ru\/\">https:\/\/fidelitytransfert.com\/<\/a>\u00a0\u0418\u0437\u0434\u0430\u0442\u0435\u043b\u044c:<\/strong><\/p><p>WebAudit \u0424\u0440\u0430\u043d\u0446\u0438\u044f<br \/>245, \u0443\u043b\u0438\u0446\u0430 \u0434\u044e \u041c\u0430\u0440\u044d, 73190 \u0428\u0430\u043b\u044c-\u043b\u0435-\u041e<br \/>SAS \u0441 \u043a\u0430\u043f\u0438\u0442\u0430\u043b\u043e\u043c \u0432 600 \u0435\u0432\u0440\u043e<br \/>RCS Chamb\u00e9ry 823 628 698<br \/>contact(@)webaudit.fr<\/p><p><strong>\u0421\u0430\u0439\u0442 <a href=\"https:\/\/fidelitytransfert.com\/ru\/\">https:\/\/fidelitytransfert.com\/<\/a>\u00a0\u043e\u043f\u0443\u0431\u043b\u0438\u043a\u043e\u0432\u0430\u043d\u043e \u0434\u043b\u044f:<\/strong><\/p><p>\u041d\u0430\u0437\u0432\u0430\u043d\u0438\u0435 \u043a\u043e\u043c\u043f\u0430\u043d\u0438\u0438: FIDELITY TRANSFER<br \/>SIRET: 79298075700019<br \/>\u041d\u043e\u043c\u0435\u0440 \u043f\u043b\u0430\u0442\u0435\u043b\u044c\u0449\u0438\u043a\u0430 \u041d\u0414\u0421: FR17792980757<br \/>\u0423\u0441\u0442\u0430\u0432\u043d\u044b\u0439 \u043a\u0430\u043f\u0438\u0442\u0430\u043b: 1500 \u0435\u0432\u0440\u043e<br \/>\u0410\u0434\u0440\u0435\u0441: 14 Rue du Pont Romain, 06400 \u041a\u0430\u043d\u043d\u044b, \u0424\u0440\u0430\u043d\u0446\u0438\u044f<br \/>\u0410\u0434\u0440\u0435\u0441: \u0410\u0432\u0435\u043d\u044e \u041c\u0430\u0440\u0441\u0435\u043b\u044f \u0412\u0435\u0434\u0440\u0438\u043d\u0430, 140, 06250 \u041c\u0443\u0436\u0435\u043d, \u0424\u0440\u0430\u043d\u0446\u0438\u044f.<br \/>\u0422\u0435\u043b\u0435\u0444\u043e\u043d: +33760580839 \u0438 +33665177014<br \/>\u042d\u043b\u0435\u043a\u0442\u0440\u043e\u043d\u043d\u0430\u044f \u043f\u043e\u0447\u0442\u0430: reserver(@)fidelitytransfert.com<br \/>\u0414\u0438\u0440\u0435\u043a\u0442\u043e\u0440 \u0438\u0437\u0434\u0430\u0442\u0435\u043b\u044c\u0441\u043a\u043e\u0433\u043e \u043e\u0442\u0434\u0435\u043b\u0430: \u0418\u0432 \u0414\u0435\u0440\u0430\u043d\u043b\u043e<\/p><p>\u0412\u0430\u0448 \u0432\u0435\u0431-\u0441\u0430\u0439\u0442 <a href=\"https:\/\/fidelitytransfert.com\/ru\/\">\u041f\u0440\u043e\u043a\u0430\u0442 \u0430\u0432\u0442\u043e\u043c\u043e\u0431\u0438\u043b\u0435\u0439 \u0432 \u041a\u0430\u043d\u043d\u0430\u0445<\/a> \u0418\u0441\u0441\u043b\u0435\u0434\u043e\u0432\u0430\u043d\u0438\u0435 \u0431\u044b\u043b\u043e \u043f\u0440\u043e\u0432\u0435\u0434\u0435\u043d\u043e \u043a\u043e\u043c\u0430\u043d\u0434\u043e\u0439 Webaudit France, \u0441\u043f\u0435\u0446\u0438\u0430\u043b\u0438\u0437\u0438\u0440\u0443\u044e\u0449\u0435\u0439\u0441\u044f \u043d\u0430 \u0441\u043e\u0437\u0434\u0430\u043d\u0438\u0438 <a href=\"https:\/\/webaudit.fr\/vtc\/\">\u0432\u0435\u0431-\u0441\u0430\u0439\u0442\u044b \u0434\u043b\u044f \u0432\u043e\u0434\u0438\u0442\u0435\u043b\u0435\u0439 \u0441\u043b\u0443\u0436\u0431 \u0442\u0430\u043a\u0441\u0438<\/a> \u0441 SEO-\u043e\u043f\u0442\u0438\u043c\u0438\u0437\u0430\u0446\u0438\u0435\u0439.<\/p><p>\u0423\u0437\u043d\u0430\u0439\u0442\u0435 \u0431\u043e\u043b\u044c\u0448\u0435 \u043d\u0430\u00a0<a href=\"https:\/\/annuaire-vtc-france.fr\/\">annuaire-vtc-france.fr<\/a>\u00a0\u0432\u0441\u0435 \u0438\u0437\u00a0<a href=\"https:\/\/annuaire-vtc-france.fr\/vtc-06-alpes-maritimes\/\">\u0412\u043e\u0434\u0438\u0442\u0435\u043b\u0438 \u0442\u0430\u043a\u0441\u0438 \u0432 \u0434\u0435\u043f\u0430\u0440\u0442\u0430\u043c\u0435\u043d\u0442\u0435 \u041f\u0440\u0438\u043c\u043e\u0440\u0441\u043a\u0438\u0435 \u0410\u043b\u044c\u043f\u044b \u0438 \u043d\u0430 \u0424\u0440\u0430\u043d\u0446\u0443\u0437\u0441\u043a\u043e\u0439 \u0420\u0438\u0432\u044c\u0435\u0440\u0435<\/a><\/p><p><b>\u0425\u043e\u0441\u0442\u0438\u043d\u0433-\u043f\u0440\u043e\u0432\u0430\u0439\u0434\u0435\u0440:<\/b><\/p><p>Infomaniak Network SA<br \/>25 Rue Eug\u00e8ne Marziano<br \/>1227 Les Acacias (GE)<br \/>\u0422\u043e\u0440\u0433\u043e\u0432\u044b\u0439 \u0440\u0435\u0433\u0438\u0441\u0442\u0440 \u043a\u0430\u043d\u0442\u043e\u043d\u0430 \u0416\u0435\u043d\u0435\u0432\u0430: CH-660.0.059.996-1<br \/>\u041d\u043e\u043c\u0435\u0440 IDE: CHE-103.167.648<br \/>\u041d\u043e\u043c\u0435\u0440 \u043f\u043b\u0430\u0442\u0435\u043b\u044c\u0449\u0438\u043a\u0430 \u041d\u0414\u0421: CHE-103.167.648<\/p><p><b>\u0420\u0435\u0433\u043b\u0430\u043c\u0435\u043d\u0442 GDPR, \u0437\u0430\u0449\u0438\u0442\u0430 \u0434\u0430\u043d\u043d\u044b\u0445 \u0438 \u0438\u0441\u043f\u043e\u043b\u044c\u0437\u043e\u0432\u0430\u043d\u0438\u0435 \u0444\u0430\u0439\u043b\u043e\u0432 cookie:<\/b><\/p><p>\u0412 \u0441\u043e\u043e\u0442\u0432\u0435\u0442\u0441\u0442\u0432\u0438\u0438 \u0441 \u0442\u0440\u0435\u0431\u043e\u0432\u0430\u043d\u0438\u044f\u043c\u0438 \u041e\u0431\u0449\u0435\u0433\u043e \u0440\u0435\u0433\u043b\u0430\u043c\u0435\u043d\u0442\u0430 \u043f\u043e \u0437\u0430\u0449\u0438\u0442\u0435 \u0434\u0430\u043d\u043d\u044b\u0445 (GDPR), \u043c\u044b \u0441\u0442\u0440\u0435\u043c\u0438\u043c\u0441\u044f \u043a \u043f\u0440\u043e\u0437\u0440\u0430\u0447\u043d\u043e\u0441\u0442\u0438 \u0438 \u0437\u0430\u0449\u0438\u0442\u0435 \u0432\u0430\u0448\u0438\u0445 \u043f\u0435\u0440\u0441\u043e\u043d\u0430\u043b\u044c\u043d\u044b\u0445 \u0434\u0430\u043d\u043d\u044b\u0445. \u0414\u043b\u044f \u043f\u043e\u043b\u0443\u0447\u0435\u043d\u0438\u044f \u0447\u0435\u0442\u043a\u043e\u0433\u043e \u043f\u043e\u043d\u0438\u043c\u0430\u043d\u0438\u044f \u0442\u043e\u0433\u043e, \u043a\u0430\u043a \u043c\u044b \u0441\u043e\u0431\u0438\u0440\u0430\u0435\u043c, \u0438\u0441\u043f\u043e\u043b\u044c\u0437\u0443\u0435\u043c \u0438 \u0437\u0430\u0449\u0438\u0449\u0430\u0435\u043c \u0432\u0430\u0448\u0438 \u0434\u0430\u043d\u043d\u044b\u0435, \u0430 \u0442\u0430\u043a\u0436\u0435 \u0438\u0441\u043f\u043e\u043b\u044c\u0437\u043e\u0432\u0430\u043d\u0438\u044f \u0444\u0430\u0439\u043b\u043e\u0432 cookie \u0434\u043b\u044f \u0443\u043b\u0443\u0447\u0448\u0435\u043d\u0438\u044f \u0432\u0430\u0448\u0435\u0433\u043e \u0432\u0437\u0430\u0438\u043c\u043e\u0434\u0435\u0439\u0441\u0442\u0432\u0438\u044f \u0441 \u043d\u0430\u0448\u0438\u043c \u0432\u0435\u0431-\u0441\u0430\u0439\u0442\u043e\u043c, \u043f\u043e\u0436\u0430\u043b\u0443\u0439\u0441\u0442\u0430, \u043e\u0437\u043d\u0430\u043a\u043e\u043c\u044c\u0442\u0435\u0441\u044c \u0441 \u043d\u0430\u0448\u0435\u0439 \u043f\u043e\u043b\u0438\u0442\u0438\u043a\u043e\u0439 \u043a\u043e\u043d\u0444\u0438\u0434\u0435\u043d\u0446\u0438\u0430\u043b\u044c\u043d\u043e\u0441\u0442\u0438. <a href=\"#gdpr_cookie_modal\"><u>\u0418\u043d\u0444\u043e\u0440\u043c\u0430\u0446\u0438\u043e\u043d\u043d\u044b\u0439 \u0446\u0435\u043d\u0442\u0440 \u043f\u043e GDPR \u0438 \u0444\u0430\u0439\u043b\u0430\u043c cookie<\/u><\/a>.<\/p><p>\u041f\u0435\u0440\u0435\u0439\u0434\u044f \u043f\u043e \u044d\u0442\u043e\u0439 \u0441\u0441\u044b\u043b\u043a\u0435, \u0432\u044b \u043f\u043e\u043b\u0443\u0447\u0438\u0442\u0435 \u0434\u043e\u0441\u0442\u0443\u043f \u043a \u043d\u0430\u0448\u0435\u0439 \u041f\u043e\u043b\u0438\u0442\u0438\u043a\u0435 \u043a\u043e\u043d\u0444\u0438\u0434\u0435\u043d\u0446\u0438\u0430\u043b\u044c\u043d\u043e\u0441\u0442\u0438 \u0438 \u041f\u043e\u043b\u0438\u0442\u0438\u043a\u0435 \u0438\u0441\u043f\u043e\u043b\u044c\u0437\u043e\u0432\u0430\u043d\u0438\u044f \u0444\u0430\u0439\u043b\u043e\u0432 cookie, \u0432 \u043a\u043e\u0442\u043e\u0440\u044b\u0445 \u043f\u043e\u0434\u0440\u043e\u0431\u043d\u043e \u043e\u043f\u0438\u0441\u0430\u043d\u044b \u043d\u0430\u0448\u0438 \u043c\u0435\u0442\u043e\u0434\u044b \u0437\u0430\u0449\u0438\u0442\u044b \u0434\u0430\u043d\u043d\u044b\u0445 \u0438 \u0438\u0441\u043f\u043e\u043b\u044c\u0437\u043e\u0432\u0430\u043d\u0438\u044f \u0444\u0430\u0439\u043b\u043e\u0432 cookie, \u0430 \u0442\u0430\u043a\u0436\u0435 \u0432\u0430\u0448\u0438 \u043f\u0440\u0430\u0432\u0430 \u0438 \u0432\u043e\u0437\u043c\u043e\u0436\u043d\u043e\u0441\u0442\u0438 \u0432 \u043e\u0442\u043d\u043e\u0448\u0435\u043d\u0438\u0438 \u044d\u0442\u043e\u0439 \u0438\u043d\u0444\u043e\u0440\u043c\u0430\u0446\u0438\u0438.<\/p><p><strong>\u0418\u043d\u0442\u0435\u043b\u043b\u0435\u043a\u0442\u0443\u0430\u043b\u044c\u043d\u0430\u044f \u0441\u043e\u0431\u0441\u0442\u0432\u0435\u043d\u043d\u043e\u0441\u0442\u044c<\/strong><\/p><p>\u0412\u0435\u0441\u044c \u043a\u043e\u043d\u0442\u0435\u043d\u0442 \u043d\u0430 \u044d\u0442\u043e\u043c \u0441\u0430\u0439\u0442\u0435, \u0432\u043a\u043b\u044e\u0447\u0430\u044f, \u043f\u043e\u043c\u0438\u043c\u043e \u043f\u0440\u043e\u0447\u0435\u0433\u043e, \u0433\u0440\u0430\u0444\u0438\u043a\u0443, \u0438\u0437\u043e\u0431\u0440\u0430\u0436\u0435\u043d\u0438\u044f, \u0442\u0435\u043a\u0441\u0442\u044b, \u0432\u0438\u0434\u0435\u043e, \u0430\u043d\u0438\u043c\u0430\u0446\u0438\u044e, \u0437\u0432\u0443\u043a\u0438, \u043b\u043e\u0433\u043e\u0442\u0438\u043f\u044b, GIF-\u0444\u0430\u0439\u043b\u044b \u0438 \u0437\u043d\u0430\u0447\u043a\u0438, \u0430 \u0442\u0430\u043a\u0436\u0435 \u0438\u0445 \u0444\u043e\u0440\u043c\u0430\u0442\u0438\u0440\u043e\u0432\u0430\u043d\u0438\u0435, \u044f\u0432\u043b\u044f\u0435\u0442\u0441\u044f \u0438\u0441\u043a\u043b\u044e\u0447\u0438\u0442\u0435\u043b\u044c\u043d\u043e\u0439 \u0441\u043e\u0431\u0441\u0442\u0432\u0435\u043d\u043d\u043e\u0441\u0442\u044c\u044e WEBAUDIT FRANCE SAS, \u0437\u0430 \u0438\u0441\u043a\u043b\u044e\u0447\u0435\u043d\u0438\u0435\u043c \u0442\u043e\u0432\u0430\u0440\u043d\u044b\u0445 \u0437\u043d\u0430\u043a\u043e\u0432, \u043b\u043e\u0433\u043e\u0442\u0438\u043f\u043e\u0432 \u0438\u043b\u0438 \u043a\u043e\u043d\u0442\u0435\u043d\u0442\u0430, \u043f\u0440\u0438\u043d\u0430\u0434\u043b\u0435\u0436\u0430\u0449\u0438\u0445 \u0434\u0440\u0443\u0433\u0438\u043c \u043a\u043e\u043c\u043f\u0430\u043d\u0438\u044f\u043c-\u043f\u0430\u0440\u0442\u043d\u0435\u0440\u0430\u043c \u0438\u043b\u0438 \u0430\u0432\u0442\u043e\u0440\u0430\u043c.<br \/>\u041b\u044e\u0431\u043e\u0435 \u0432\u043e\u0441\u043f\u0440\u043e\u0438\u0437\u0432\u0435\u0434\u0435\u043d\u0438\u0435, \u0440\u0430\u0441\u043f\u0440\u043e\u0441\u0442\u0440\u0430\u043d\u0435\u043d\u0438\u0435, \u0438\u0437\u043c\u0435\u043d\u0435\u043d\u0438\u0435, \u0430\u0434\u0430\u043f\u0442\u0430\u0446\u0438\u044f, \u043f\u043e\u0432\u0442\u043e\u0440\u043d\u0430\u044f \u043f\u0435\u0440\u0435\u0434\u0430\u0447\u0430 \u0438\u043b\u0438 \u043f\u0443\u0431\u043b\u0438\u043a\u0430\u0446\u0438\u044f, \u0434\u0430\u0436\u0435 \u0447\u0430\u0441\u0442\u0438\u0447\u043d\u0430\u044f, \u044d\u0442\u0438\u0445 \u044d\u043b\u0435\u043c\u0435\u043d\u0442\u043e\u0432 \u0441\u0442\u0440\u043e\u0433\u043e \u0437\u0430\u043f\u0440\u0435\u0449\u0435\u043d\u044b \u0431\u0435\u0437 \u043f\u0440\u044f\u043c\u043e\u0433\u043e \u043f\u0438\u0441\u044c\u043c\u0435\u043d\u043d\u043e\u0433\u043e \u0441\u043e\u0433\u043b\u0430\u0441\u0438\u044f WEBAUDIT FRANCE SAS. \u0422\u0430\u043a\u043e\u0435 \u043f\u0440\u0435\u0434\u0441\u0442\u0430\u0432\u043b\u0435\u043d\u0438\u0435 \u0438\u043b\u0438 \u0432\u043e\u0441\u043f\u0440\u043e\u0438\u0437\u0432\u0435\u0434\u0435\u043d\u0438\u0435 \u043b\u044e\u0431\u044b\u043c\u0438 \u0441\u0440\u0435\u0434\u0441\u0442\u0432\u0430\u043c\u0438 \u044f\u0432\u043b\u044f\u0435\u0442\u0441\u044f \u043d\u0430\u0440\u0443\u0448\u0435\u043d\u0438\u0435\u043c \u0430\u0432\u0442\u043e\u0440\u0441\u043a\u0438\u0445 \u043f\u0440\u0430\u0432, \u043d\u0430\u043a\u0430\u0437\u0443\u0435\u043c\u044b\u043c \u0432 \u0441\u043e\u043e\u0442\u0432\u0435\u0442\u0441\u0442\u0432\u0438\u0438 \u0441\u043e \u0441\u0442\u0430\u0442\u044c\u044f\u043c\u0438 L.335-2 \u0438 \u043f\u043e\u0441\u043b\u0435\u0434\u0443\u044e\u0449\u0438\u043c\u0438 \u0441\u0442\u0430\u0442\u044c\u044f\u043c\u0438 \u0424\u0440\u0430\u043d\u0446\u0443\u0437\u0441\u043a\u043e\u0433\u043e \u043a\u043e\u0434\u0435\u043a\u0441\u0430 \u0438\u043d\u0442\u0435\u043b\u043b\u0435\u043a\u0442\u0443\u0430\u043b\u044c\u043d\u043e\u0439 \u0441\u043e\u0431\u0441\u0442\u0432\u0435\u043d\u043d\u043e\u0441\u0442\u0438. \u041d\u0435\u0441\u043e\u0431\u043b\u044e\u0434\u0435\u043d\u0438\u0435 \u044d\u0442\u043e\u0433\u043e \u0437\u0430\u043f\u0440\u0435\u0442\u0430 \u044f\u0432\u043b\u044f\u0435\u0442\u0441\u044f \u043d\u0430\u0440\u0443\u0448\u0435\u043d\u0438\u0435\u043c \u0430\u0432\u0442\u043e\u0440\u0441\u043a\u0438\u0445 \u043f\u0440\u0430\u0432 \u0438 \u043c\u043e\u0436\u0435\u0442 \u043f\u043e\u0432\u043b\u0435\u0447\u044c \u0437\u0430 \u0441\u043e\u0431\u043e\u0439 \u0433\u0440\u0430\u0436\u0434\u0430\u043d\u0441\u043a\u0443\u044e \u0438 \u0443\u0433\u043e\u043b\u043e\u0432\u043d\u0443\u044e \u043e\u0442\u0432\u0435\u0442\u0441\u0442\u0432\u0435\u043d\u043d\u043e\u0441\u0442\u044c. \u041a\u0440\u043e\u043c\u0435 \u0442\u043e\u0433\u043e, \u0432\u043b\u0430\u0434\u0435\u043b\u044c\u0446\u044b \u0441\u043a\u043e\u043f\u0438\u0440\u043e\u0432\u0430\u043d\u043d\u043e\u0433\u043e \u043a\u043e\u043d\u0442\u0435\u043d\u0442\u0430 \u043c\u043e\u0433\u0443\u0442 \u043f\u043e\u0434\u0430\u0442\u044c \u043f\u0440\u043e\u0442\u0438\u0432 \u043d\u0438\u0445 \u0438\u0441\u043a.<\/p>\t\t\t\t\t\t\t\t<\/div>\n\t\t\t\t<\/div>\n\t\t\t\t\t<\/div>\n\t\t<\/div>\n\t\t\t\t\t<\/div>\n\t\t<\/section>\n\t\t\t\t<\/div>","protected":false},"excerpt":{"rendered":"<p>Mentions l\u00e9gales Le site https:\/\/fidelitytransfert.com\/\u00a0est \u00e9dit\u00e9 par : WebAudit France245 rue du Marais, 73190 Challes-les-EauxSAS au capital de 600\u20acRCS Chamb\u00e9ry 823 628 698contact(@)webaudit.fr Le site https:\/\/fidelitytransfert.com\/\u00a0est \u00e9dit\u00e9 pour : Raison sociale : FIDELITY TRANSFERTSIRET : 79298075700019Num\u00e9ro de TVA : FR17792980757Capital social : 1500\u20acAdresse : 14 Rue du Pont Romain, 06400 Cannes, FranceAdresse : 140 Avenue [&hellip;]<\/p>\n","protected":false},"author":2,"featured_media":0,"parent":0,"menu_order":0,"comment_status":"closed","ping_status":"closed","template":"","meta":{"footnotes":""},"class_list":["post-11","page","type-page","status-publish","hentry"],"yoast_head":"<!-- This site is optimized with the Yoast SEO plugin v27.5 - https:\/\/yoast.com\/product\/yoast-seo-wordpress\/ -->\n<title>Mentions l\u00e9gales - VTC Cannes: Fidelity Transfert VTC Cannes<\/title>\n<meta name=\"robots\" content=\"index, follow, max-snippet:-1, max-image-preview:large, max-video-preview:-1\" \/>\n<link rel=\"canonical\" href=\"https:\/\/fidelitytransfert.com\/ru\/\u044e\u0440\u0438\u0434\u0438\u0447\u0435\u0441\u043a\u0438\u0435-\u0443\u0432\u0435\u0434\u043e\u043c\u043b\u0435\u043d\u0438\u044f\/\" \/>\n<meta property=\"og:locale\" content=\"ru_RU\" \/>\n<meta property=\"og:type\" content=\"article\" \/>\n<meta property=\"og:title\" content=\"Mentions l\u00e9gales - VTC Cannes: Fidelity Transfert VTC Cannes\" \/>\n<meta property=\"og:description\" content=\"Mentions l\u00e9gales Le site https:\/\/fidelitytransfert.com\/\u00a0est \u00e9dit\u00e9 par : WebAudit France245 rue du Marais, 73190 Challes-les-EauxSAS au capital de 600\u20acRCS Chamb\u00e9ry 823 628 698contact(@)webaudit.fr Le site https:\/\/fidelitytransfert.com\/\u00a0est \u00e9dit\u00e9 pour : Raison sociale : FIDELITY TRANSFERTSIRET : 79298075700019Num\u00e9ro de TVA : FR17792980757Capital social : 1500\u20acAdresse : 14 Rue du Pont Romain, 06400 Cannes, FranceAdresse : 140 Avenue [&hellip;]\" \/>\n<meta property=\"og:url\" content=\"https:\/\/fidelitytransfert.com\/ru\/\u044e\u0440\u0438\u0434\u0438\u0447\u0435\u0441\u043a\u0438\u0435-\u0443\u0432\u0435\u0434\u043e\u043c\u043b\u0435\u043d\u0438\u044f\/\" \/>\n<meta property=\"og:site_name\" content=\"VTC Cannes: Fidelity Transfert VTC Cannes\" \/>\n<meta property=\"article:modified_time\" content=\"2026-04-23T17:57:51+00:00\" \/>\n<meta name=\"twitter:card\" content=\"summary_large_image\" \/>\n<meta name=\"twitter:label1\" content=\"\u041f\u0440\u0438\u043c\u0435\u0440\u043d\u043e\u0435 \u0432\u0440\u0435\u043c\u044f \u0434\u043b\u044f \u0447\u0442\u0435\u043d\u0438\u044f\" \/>\n\t<meta name=\"twitter:data1\" content=\"3 \u043c\u0438\u043d\u0443\u0442\u044b\" \/>\n<script type=\"application\/ld+json\" class=\"yoast-schema-graph\">{\"@context\":\"https:\\\/\\\/schema.org\",\"@graph\":[{\"@type\":\"WebPage\",\"@id\":\"https:\\\/\\\/fidelitytransfert.com\\\/mentions-legales\\\/\",\"url\":\"https:\\\/\\\/fidelitytransfert.com\\\/mentions-legales\\\/\",\"name\":\"Mentions l\u00e9gales - VTC Cannes: Fidelity Transfert VTC Cannes\",\"isPartOf\":{\"@id\":\"https:\\\/\\\/fidelitytransfert.com\\\/#website\"},\"datePublished\":\"2017-04-20T15:44:02+00:00\",\"dateModified\":\"2026-04-23T17:57:51+00:00\",\"breadcrumb\":{\"@id\":\"https:\\\/\\\/fidelitytransfert.com\\\/mentions-legales\\\/#breadcrumb\"},\"inLanguage\":\"ru-RU\",\"potentialAction\":[{\"@type\":\"ReadAction\",\"target\":[\"https:\\\/\\\/fidelitytransfert.com\\\/mentions-legales\\\/\"]}]},{\"@type\":\"BreadcrumbList\",\"@id\":\"https:\\\/\\\/fidelitytransfert.com\\\/mentions-legales\\\/#breadcrumb\",\"itemListElement\":[{\"@type\":\"ListItem\",\"position\":1,\"name\":\"Accueil\",\"item\":\"https:\\\/\\\/fidelitytransfert.com\\\/\"},{\"@type\":\"ListItem\",\"position\":2,\"name\":\"Mentions l\u00e9gales\"}]},{\"@type\":\"WebSite\",\"@id\":\"https:\\\/\\\/fidelitytransfert.com\\\/#website\",\"url\":\"https:\\\/\\\/fidelitytransfert.com\\\/\",\"name\":\"VTC Cannes Fidelity Transfert\",\"description\":\"R\u00e9server Chauffeur Priv\u00e9 VTC \u00e0 Cannes et sur la C\u00f4te d&#039;Azur\",\"potentialAction\":[{\"@type\":\"SearchAction\",\"target\":{\"@type\":\"EntryPoint\",\"urlTemplate\":\"https:\\\/\\\/fidelitytransfert.com\\\/?s={search_term_string}\"},\"query-input\":{\"@type\":\"PropertyValueSpecification\",\"valueRequired\":true,\"valueName\":\"search_term_string\"}}],\"inLanguage\":\"ru-RU\"}]}<\/script>\n<!-- \/ Yoast SEO plugin. -->","yoast_head_json":{"title":"\u042e\u0440\u0438\u0434\u0438\u0447\u0435\u0441\u043a\u0430\u044f \u0438\u043d\u0444\u043e\u0440\u043c\u0430\u0446\u0438\u044f - \u0410\u0440\u0435\u043d\u0434\u0430 \u0430\u0432\u0442\u043e\u043c\u043e\u0431\u0438\u043b\u044f \u0432 \u041a\u0430\u043d\u043d\u0430\u0445: Fidelity Transfert VTC Cannes","robots":{"index":"index","follow":"follow","max-snippet":"max-snippet:-1","max-image-preview":"max-image-preview:large","max-video-preview":"max-video-preview:-1"},"canonical":"https:\/\/fidelitytransfert.com\/ru\/\u044e\u0440\u0438\u0434\u0438\u0447\u0435\u0441\u043a\u0438\u0435-\u0443\u0432\u0435\u0434\u043e\u043c\u043b\u0435\u043d\u0438\u044f\/","og_locale":"ru_RU","og_type":"article","og_title":"Mentions l\u00e9gales - VTC Cannes: Fidelity Transfert VTC Cannes","og_description":"Mentions l\u00e9gales Le site https:\/\/fidelitytransfert.com\/\u00a0est \u00e9dit\u00e9 par : WebAudit France245 rue du Marais, 73190 Challes-les-EauxSAS au capital de 600\u20acRCS Chamb\u00e9ry 823 628 698contact(@)webaudit.fr Le site https:\/\/fidelitytransfert.com\/\u00a0est \u00e9dit\u00e9 pour : Raison sociale : FIDELITY TRANSFERTSIRET : 79298075700019Num\u00e9ro de TVA : FR17792980757Capital social : 1500\u20acAdresse : 14 Rue du Pont Romain, 06400 Cannes, FranceAdresse : 140 Avenue [&hellip;]","og_url":"https:\/\/fidelitytransfert.com\/ru\/\u044e\u0440\u0438\u0434\u0438\u0447\u0435\u0441\u043a\u0438\u0435-\u0443\u0432\u0435\u0434\u043e\u043c\u043b\u0435\u043d\u0438\u044f\/","og_site_name":"VTC Cannes: Fidelity Transfert VTC Cannes","article_modified_time":"2026-04-23T17:57:51+00:00","twitter_card":"summary_large_image","twitter_misc":{"\u041f\u0440\u0438\u043c\u0435\u0440\u043d\u043e\u0435 \u0432\u0440\u0435\u043c\u044f \u0434\u043b\u044f \u0447\u0442\u0435\u043d\u0438\u044f":"3 \u043c\u0438\u043d\u0443\u0442\u044b"},"schema":{"@context":"https:\/\/schema.org","@graph":[{"@type":"WebPage","@id":"https:\/\/fidelitytransfert.com\/mentions-legales\/","url":"https:\/\/fidelitytransfert.com\/mentions-legales\/","name":"\u042e\u0440\u0438\u0434\u0438\u0447\u0435\u0441\u043a\u0430\u044f \u0438\u043d\u0444\u043e\u0440\u043c\u0430\u0446\u0438\u044f - \u0410\u0440\u0435\u043d\u0434\u0430 \u0430\u0432\u0442\u043e\u043c\u043e\u0431\u0438\u043b\u044f \u0432 \u041a\u0430\u043d\u043d\u0430\u0445: Fidelity Transfert VTC Cannes","isPartOf":{"@id":"https:\/\/fidelitytransfert.com\/#website"},"datePublished":"2017-04-20T15:44:02+00:00","dateModified":"2026-04-23T17:57:51+00:00","breadcrumb":{"@id":"https:\/\/fidelitytransfert.com\/mentions-legales\/#breadcrumb"},"inLanguage":"ru-RU","potentialAction":[{"@type":"ReadAction","target":["https:\/\/fidelitytransfert.com\/mentions-legales\/"]}]},{"@type":"BreadcrumbList","@id":"https:\/\/fidelitytransfert.com\/mentions-legales\/#breadcrumb","itemListElement":[{"@type":"ListItem","position":1,"name":"Accueil","item":"https:\/\/fidelitytransfert.com\/"},{"@type":"ListItem","position":2,"name":"Mentions l\u00e9gales"}]},{"@type":"WebSite","@id":"https:\/\/fidelitytransfert.com\/#website","url":"https:\/\/fidelitytransfert.com\/","name":"Fidelity Transfer VTC \u041a\u0430\u043d\u043d\u044b","description":"\u0417\u0430\u043a\u0430\u0436\u0438\u0442\u0435 \u0443\u0441\u043b\u0443\u0433\u0438 \u043b\u0438\u0447\u043d\u043e\u0433\u043e \u0432\u043e\u0434\u0438\u0442\u0435\u043b\u044f \u0432 \u041a\u0430\u043d\u043d\u0430\u0445 \u0438 \u043d\u0430 \u0424\u0440\u0430\u043d\u0446\u0443\u0437\u0441\u043a\u043e\u0439 \u0420\u0438\u0432\u044c\u0435\u0440\u0435.","potentialAction":[{"@type":"SearchAction","target":{"@type":"EntryPoint","urlTemplate":"https:\/\/fidelitytransfert.com\/?s={search_term_string}"},"query-input":{"@type":"PropertyValueSpecification","valueRequired":true,"valueName":"search_term_string"}}],"inLanguage":"ru-RU"}]}},"_links":{"self":[{"href":"https:\/\/fidelitytransfert.com\/ru\/wp-json\/wp\/v2\/pages\/11","targetHints":{"allow":["GET"]}}],"collection":[{"href":"https:\/\/fidelitytransfert.com\/ru\/wp-json\/wp\/v2\/pages"}],"about":[{"href":"https:\/\/fidelitytransfert.com\/ru\/wp-json\/wp\/v2\/types\/page"}],"author":[{"embeddable":true,"href":"https:\/\/fidelitytransfert.com\/ru\/wp-json\/wp\/v2\/users\/2"}],"replies":[{"embeddable":true,"href":"https:\/\/fidelitytransfert.com\/ru\/wp-json\/wp\/v2\/comments?post=11"}],"version-history":[{"count":3,"href":"https:\/\/fidelitytransfert.com\/ru\/wp-json\/wp\/v2\/pages\/11\/revisions"}],"predecessor-version":[{"id":3274,"href":"https:\/\/fidelitytransfert.com\/ru\/wp-json\/wp\/v2\/pages\/11\/revisions\/3274"}],"wp:attachment":[{"href":"https:\/\/fidelitytransfert.com\/ru\/wp-json\/wp\/v2\/media?parent=11"}],"curies":[{"name":"WP","href":"https:\/\/api.w.org\/{rel}","templated":true}]}}