{"id":61,"date":"2017-05-04T16:56:36","date_gmt":"2017-05-04T14:56:36","guid":{"rendered":"https:\/\/fidelitytransfert.com\/?page_id=61"},"modified":"2023-07-12T12:25:45","modified_gmt":"2023-07-12T12:25:45","slug":"terminos-y-condiciones","status":"publish","type":"page","link":"https:\/\/fidelitytransfert.com\/es\/cgv-cgu\/","title":{"rendered":"Condiciones Generales de Venta de FIDELITY TRANSFER"},"content":{"rendered":"<div data-elementor-type=\"wp-page\" data-elementor-id=\"61\" class=\"elementor elementor-61\" data-elementor-post-type=\"page\">\n\t\t\t\t\t\t<section class=\"elementor-section elementor-top-section elementor-element elementor-element-3ff71f3a elementor-section-boxed elementor-section-height-default elementor-section-height-default\" data-id=\"3ff71f3a\" data-element_type=\"section\" data-e-type=\"section\">\n\t\t\t\t\t\t<div class=\"elementor-container elementor-column-gap-default\">\n\t\t\t\t\t<div class=\"elementor-column elementor-col-100 elementor-top-column elementor-element elementor-element-11dddaa0\" data-id=\"11dddaa0\" data-element_type=\"column\" data-e-type=\"column\">\n\t\t\t<div class=\"elementor-widget-wrap elementor-element-populated\">\n\t\t\t\t\t\t<div class=\"elementor-element elementor-element-1d49da9 elementor-widget elementor-widget-heading\" data-id=\"1d49da9\" data-element_type=\"widget\" data-e-type=\"widget\" data-widget_type=\"heading.default\">\n\t\t\t\t<div class=\"elementor-widget-container\">\n\t\t\t\t\t<h1 class=\"elementor-heading-title elementor-size-default\">Condiciones generales de venta de Fidelity Transfer<\/h1>\t\t\t\t<\/div>\n\t\t\t\t<\/div>\n\t\t\t\t<div class=\"elementor-element elementor-element-0a9f93f elementor-widget elementor-widget-spacer\" data-id=\"0a9f93f\" data-element_type=\"widget\" data-e-type=\"widget\" data-widget_type=\"spacer.default\">\n\t\t\t\t<div class=\"elementor-widget-container\">\n\t\t\t\t\t\t\t<div class=\"elementor-spacer\">\n\t\t\t<div class=\"elementor-spacer-inner\"><\/div>\n\t\t<\/div>\n\t\t\t\t\t\t<\/div>\n\t\t\t\t<\/div>\n\t\t\t\t<div class=\"elementor-element elementor-element-3c49a539 elementor-widget elementor-widget-text-editor\" data-id=\"3c49a539\" data-element_type=\"widget\" data-e-type=\"widget\" data-widget_type=\"text-editor.default\">\n\t\t\t\t<div class=\"elementor-widget-container\">\n\t\t\t\t\t\t\t\t\t<p>N\u00famero de registro de la empresa (SIREN): 792980757<br \/>N\u00famero de licencia EVTC: 00615008<\/p><p><strong>ART\u00cdCULO 1: CONDICIONES Y ACEPTACI\u00d3N<\/strong><br \/>El cliente reconoce haber le\u00eddo las Condiciones Generales de Venta en el momento de la reserva.<\/p><p><strong>ART. 2: OFERTAS<\/strong><br \/>Nuestras ofertas se realizan sin compromiso por nuestra parte; la reserva es efectiva despu\u00e9s de nuestra aceptaci\u00f3n de la solicitud.<\/p><p><strong>ART. 3: RESERVAS<\/strong><br \/>La reserva implica la aceptaci\u00f3n plena de estos T\u00e9rminos y Condiciones por parte del cliente. Todas las reservas deben realizarse a trav\u00e9s del sitio web, correo electr\u00f3nico, llamada telef\u00f3nica o SMS. Cada reserva debe incluir el nombre, correo electr\u00f3nico, n\u00famero de tel\u00e9fono, direcciones de salida y llegada, fecha y hora del servicio, as\u00ed como el n\u00famero de pasajeros y el n\u00famero de maletas (seg\u00fan la capacidad m\u00e1xima del veh\u00edculo). Se enviar\u00e1 un correo electr\u00f3nico o SMS de confirmaci\u00f3n para validar la reserva.<\/p><p><strong>ART. 4: NATURALEZA DE LOS SERVICIOS<\/strong><br \/>FIDELITY TRANSFERT se compromete a proporcionar a sus clientes todos los recursos necesarios para la correcta ejecuci\u00f3n del servicio encomendado. El servicio se prestar\u00e1 el d\u00eda y a la hora especificados durante la reserva, y se respetar\u00e1n los horarios salvo en casos de fuerza mayor (accidente, dificultades de tr\u00e1fico, condiciones meteorol\u00f3gicas, etc.). Si el retraso del cliente (para traslados) es inferior a 15 minutos, FIDELITY TRANSFERT no cobrar\u00e1 cargos adicionales por el servicio. Si el retraso del cliente (para traslados) es superior a 15 minutos, se cobrar\u00e1 una tarifa fija de 20 \u20ac (IVA incluido), m\u00e1s 20 \u20ac adicionales (IVA incluido) por cada 30 minutos adicionales.<br \/>Respecto de las horas extras por puesta a disposici\u00f3n del veh\u00edculo y conductor, cualquier hora extra que exceda los 15 minutos se cobrar\u00e1 como una hora a la tarifa cotizada.<br \/>En el caso de que el cliente que haya pagado un servicio no se presente en el lugar y hora por \u00e9l mismo indicado, de modo que FIDELITY TRANSFER no pueda prestar el servicio, FIDELITY TRANSFER no podr\u00e1 ser considerado responsable y no proceder\u00e1 ning\u00fan reembolso o compensaci\u00f3n al cliente.<\/p><p><strong>ART. 5: CANCELACI\u00d3N DEL SERVICIO<\/strong><br \/>La cancelaci\u00f3n del servicio deber\u00e1 enviarse de la siguiente manera:<br \/>\u2022 Para particulares: mediante correo electr\u00f3nico (fidelitytransfert@gmail.com) y acuse de recibo emitido por nosotros.<br \/>\u2022 Para empresas: por carta certificada con acuse de recibo o correo electr\u00f3nico<br \/>En caso de cancelaci\u00f3n de un servicio por parte del cliente, se cobrar\u00e1n gastos de cancelaci\u00f3n seg\u00fan los siguientes t\u00e9rminos:<br \/>\u2022 En caso de cancelaci\u00f3n al menos 72 horas antes del inicio del primer servicio<br \/>20% del importe total incluyendo impuestos del servicio.<br \/>\u2022 En caso de cancelaci\u00f3n 48 horas antes del inicio del servicio por cualquier motivo: 50% del importe total con impuestos incluidos del servicio.<br \/>\u2022 En caso de cancelaci\u00f3n 24 horas antes del inicio del servicio por cualquier motivo: 70 % del importe total incluido impuestos del servicio.<br \/>\u2022 En caso de cancelaci\u00f3n el d\u00eda del servicio por cualquier motivo: 80 % del importe total incluido impuestos del servicio.<br \/>\u2022 En caso de cancelaci\u00f3n con menos de 4 horas de antelaci\u00f3n al inicio del servicio por cualquier motivo: 100% del importe total con impuestos incluidos del servicio.<\/p><p><strong>ART. 6: PAGO<\/strong><br \/>La reserva es obligatoria y se puede realizar en la web o por tel\u00e9fono.<br \/>FIDELITY TRANSFER notifica su disponibilidad y env\u00eda una cotizaci\u00f3n que el cliente aprueba.<br \/>El pago se realiza mediante transferencia bancaria o tarjeta de cr\u00e9dito.<br \/>No se acepta pago con cheque excepto para empresas con cuenta y facturaci\u00f3n a fin de mes.<br \/>La transmisi\u00f3n de sus datos personales y bancarios es completamente segura.<br \/>En ning\u00fan caso sus datos bancarios ser\u00e1n almacenados para su tratamiento y utilizaci\u00f3n por parte de terceros.<br \/>Esta informaci\u00f3n s\u00f3lo es accesible para nuestro socio bancario con el fin de contactar a su banco.<\/p><p><strong>ART. 7: TARIFAS Y ACTUALIZACIONES DE PRECIOS<\/strong><br \/>Las tarifas b\u00e1sicas se indican en el sitio web www.fidelitytransfert.com, la empresa se compromete a comunicar las tarifas de cada viaje mediante un presupuesto.<br \/>Los precios son v\u00e1lidos para el a\u00f1o en curso, se actualizar\u00e1n a principios de cada a\u00f1o, las tarifas durante los per\u00edodos de congresos pueden cambiar.<br \/>Se elaborar\u00e1 un contrato de servicios entre FIDELITY TRANSFER y los clientes profesionales.<\/p><p><strong>ART. 8: PERSONAS CON MOVILIDAD REDUCIDA<\/strong><br \/>FIDELITY TRANSFER se compromete a contribuir al m\u00e1ximo al cuidado y confort de las personas con movilidad reducida.<\/p><p><strong>ART. 9: TRATAMIENTO DE DATOS Y LIBERTAD DE LA TECNOLOG\u00cdA DE LA INFORMACI\u00d3N<\/strong><br \/>De conformidad con la reglamentaci\u00f3n vigente en materia de producci\u00f3n de datos personales, y en particular la Ley n\u00ba 78-17 del 6 de enero de 1978; modificada por la Ley del 6 de agosto de 2004, las partes contratantes se comprometen a garantizar la fiabilidad y la buena fe en lo que respecta al tratamiento de sus datos personales.<\/p><p><strong>ART. 10: COMPROMISO<\/strong><br \/>En caso de que sea imposible realizar el servicio acordado, FIDELITY TRANSFER se compromete a poner al cliente en contacto con un socio cualificado capaz de realizar el servicio acordado.<\/p><p><strong>ART. 11: USO DE DATOS<\/strong><br \/>El contenido del sitio web www.fidelitytransfert.com, su estructura general, textos, im\u00e1genes animadas y est\u00e1ticas, precios y audio de v\u00eddeo son propiedad exclusiva de FIDELITY TRANSFERT. Cualquier uso total o parcial del sitio web www.fidelitytransfert.com, por cualquier medio, est\u00e1 prohibido y constituye una infracci\u00f3n de los derechos de autor sancionada por los art\u00edculos L.335-2 y siguientes del C\u00f3digo de la Propiedad Intelectual franc\u00e9s.<\/p><p><strong>ART. 12: NORMAS DE POLIC\u00cdA Y SEGURIDAD<\/strong><br \/>El veh\u00edculo y el conductor estar\u00e1n equipados con la documentaci\u00f3n de a bordo necesaria para el buen desarrollo de todo el transporte.<br \/>De acuerdo con la ley vigente en todos los lugares p\u00fablicos, est\u00e1 estrictamente prohibido fumar a bordo de nuestros veh\u00edculos.<br \/>De acuerdo con las disposiciones del c\u00f3digo de licencias de bebidas alcoh\u00f3licas, est\u00e1 prohibido consumir bebidas alcoh\u00f3licas a bordo de nuestros veh\u00edculos.<br \/>El uso del cintur\u00f3n de seguridad es obligatorio para todos los pasajeros del veh\u00edculo y esta instrucci\u00f3n se reiterar\u00e1 expresamente en el momento de la recogida.<\/p><p><strong>ART. 13: CONTROVERSIAS Y RECLAMACIONES<\/strong><br \/>En caso de litigio, el Tribunal de Comercio de Cannes ser\u00e1 el \u00fanico competente.<\/p><p><strong>ART. 14: SEGURO Y APROBACI\u00d3N<\/strong><br \/>FIDELITY TRANSFER ha contratado un seguro de responsabilidad civil por da\u00f1os personales ilimitado.<br \/>Los conductores de FIDELITY TRANSFER est\u00e1n en posesi\u00f3n de su tarjeta profesional y licencia EVTC<\/p>\t\t\t\t\t\t\t\t<\/div>\n\t\t\t\t<\/div>\n\t\t\t\t\t<\/div>\n\t\t<\/div>\n\t\t\t\t\t<\/div>\n\t\t<\/section>\n\t\t\t\t<\/div>","protected":false},"excerpt":{"rendered":"<p>Conditions G\u00e9n\u00e9rales de Vente de Fidelity Transfert Num\u00e9ro de Siren : 792980757Num\u00e9ro de licence EVTC : 00615008 ART.1 : CONDITIONS ET ACCEPTATIONLe client reconna\u00eet avoir pris connaissance des Conditions G\u00e9n\u00e9rales de Vente au moment de la r\u00e9servation. ART.2 : OFFRESNos offres sont faites sans engagement de notre part, la r\u00e9servation est effective apr\u00e8s notre acceptation [&hellip;]<\/p>\n","protected":false},"author":2,"featured_media":0,"parent":0,"menu_order":0,"comment_status":"closed","ping_status":"closed","template":"","meta":{"footnotes":""},"class_list":["post-61","page","type-page","status-publish","hentry"],"yoast_head":"<!-- This site is optimized with the Yoast SEO plugin v27.5 - https:\/\/yoast.com\/product\/yoast-seo-wordpress\/ -->\n<title>Conditions G\u00e9n\u00e9rales de Vente de FIDELITY TRANSFERT - VTC Cannes: Fidelity Transfert VTC Cannes<\/title>\n<meta name=\"robots\" content=\"index, follow, max-snippet:-1, max-image-preview:large, max-video-preview:-1\" \/>\n<link rel=\"canonical\" href=\"https:\/\/fidelitytransfert.com\/es\/terminos-y-condiciones\/\" \/>\n<meta property=\"og:locale\" content=\"es_ES\" \/>\n<meta property=\"og:type\" content=\"article\" \/>\n<meta property=\"og:title\" content=\"Conditions G\u00e9n\u00e9rales de Vente de FIDELITY TRANSFERT - VTC Cannes: Fidelity Transfert VTC Cannes\" \/>\n<meta property=\"og:description\" content=\"Conditions G\u00e9n\u00e9rales de Vente de Fidelity Transfert Num\u00e9ro de Siren : 792980757Num\u00e9ro de licence EVTC : 00615008 ART.1 : CONDITIONS ET ACCEPTATIONLe client reconna\u00eet avoir pris connaissance des Conditions G\u00e9n\u00e9rales de Vente au moment de la r\u00e9servation. ART.2 : OFFRESNos offres sont faites sans engagement de notre part, la r\u00e9servation est effective apr\u00e8s notre acceptation [&hellip;]\" \/>\n<meta property=\"og:url\" content=\"https:\/\/fidelitytransfert.com\/es\/terminos-y-condiciones\/\" \/>\n<meta property=\"og:site_name\" content=\"VTC Cannes: Fidelity Transfert VTC Cannes\" \/>\n<meta property=\"article:modified_time\" content=\"2023-07-12T12:25:45+00:00\" \/>\n<meta name=\"twitter:card\" content=\"summary_large_image\" \/>\n<meta name=\"twitter:label1\" content=\"Tiempo de lectura\" \/>\n\t<meta name=\"twitter:data1\" content=\"6 minutos\" \/>\n<script type=\"application\/ld+json\" class=\"yoast-schema-graph\">{\"@context\":\"https:\\\/\\\/schema.org\",\"@graph\":[{\"@type\":\"WebPage\",\"@id\":\"https:\\\/\\\/fidelitytransfert.com\\\/cgv-cgu\\\/\",\"url\":\"https:\\\/\\\/fidelitytransfert.com\\\/cgv-cgu\\\/\",\"name\":\"Conditions G\u00e9n\u00e9rales de Vente de FIDELITY TRANSFERT - VTC Cannes: Fidelity Transfert VTC Cannes\",\"isPartOf\":{\"@id\":\"https:\\\/\\\/fidelitytransfert.com\\\/#website\"},\"datePublished\":\"2017-05-04T14:56:36+00:00\",\"dateModified\":\"2023-07-12T12:25:45+00:00\",\"breadcrumb\":{\"@id\":\"https:\\\/\\\/fidelitytransfert.com\\\/cgv-cgu\\\/#breadcrumb\"},\"inLanguage\":\"es\",\"potentialAction\":[{\"@type\":\"ReadAction\",\"target\":[\"https:\\\/\\\/fidelitytransfert.com\\\/cgv-cgu\\\/\"]}]},{\"@type\":\"BreadcrumbList\",\"@id\":\"https:\\\/\\\/fidelitytransfert.com\\\/cgv-cgu\\\/#breadcrumb\",\"itemListElement\":[{\"@type\":\"ListItem\",\"position\":1,\"name\":\"Accueil\",\"item\":\"https:\\\/\\\/fidelitytransfert.com\\\/\"},{\"@type\":\"ListItem\",\"position\":2,\"name\":\"Conditions G\u00e9n\u00e9rales de Vente de FIDELITY TRANSFERT\"}]},{\"@type\":\"WebSite\",\"@id\":\"https:\\\/\\\/fidelitytransfert.com\\\/#website\",\"url\":\"https:\\\/\\\/fidelitytransfert.com\\\/\",\"name\":\"VTC Cannes Fidelity Transfert\",\"description\":\"R\u00e9server Chauffeur Priv\u00e9 VTC \u00e0 Cannes et sur la C\u00f4te d&#039;Azur\",\"potentialAction\":[{\"@type\":\"SearchAction\",\"target\":{\"@type\":\"EntryPoint\",\"urlTemplate\":\"https:\\\/\\\/fidelitytransfert.com\\\/?s={search_term_string}\"},\"query-input\":{\"@type\":\"PropertyValueSpecification\",\"valueRequired\":true,\"valueName\":\"search_term_string\"}}],\"inLanguage\":\"es\"}]}<\/script>\n<!-- \/ Yoast SEO plugin. -->","yoast_head_json":{"title":"Condiciones generales de venta de FIDELITY TRANSFER - Veh\u00edculo de alquiler privado Cannes: Fidelity Transfer Veh\u00edculo de alquiler privado Cannes","robots":{"index":"index","follow":"follow","max-snippet":"max-snippet:-1","max-image-preview":"max-image-preview:large","max-video-preview":"max-video-preview:-1"},"canonical":"https:\/\/fidelitytransfert.com\/es\/terminos-y-condiciones\/","og_locale":"es_ES","og_type":"article","og_title":"Conditions G\u00e9n\u00e9rales de Vente de FIDELITY TRANSFERT - VTC Cannes: Fidelity Transfert VTC Cannes","og_description":"Conditions G\u00e9n\u00e9rales de Vente de Fidelity Transfert Num\u00e9ro de Siren : 792980757Num\u00e9ro de licence EVTC : 00615008 ART.1 : CONDITIONS ET ACCEPTATIONLe client reconna\u00eet avoir pris connaissance des Conditions G\u00e9n\u00e9rales de Vente au moment de la r\u00e9servation. ART.2 : OFFRESNos offres sont faites sans engagement de notre part, la r\u00e9servation est effective apr\u00e8s notre acceptation [&hellip;]","og_url":"https:\/\/fidelitytransfert.com\/es\/terminos-y-condiciones\/","og_site_name":"VTC Cannes: Fidelity Transfert VTC Cannes","article_modified_time":"2023-07-12T12:25:45+00:00","twitter_card":"summary_large_image","twitter_misc":{"Tiempo de lectura":"6 minutos"},"schema":{"@context":"https:\/\/schema.org","@graph":[{"@type":"WebPage","@id":"https:\/\/fidelitytransfert.com\/cgv-cgu\/","url":"https:\/\/fidelitytransfert.com\/cgv-cgu\/","name":"Condiciones generales de venta de FIDELITY TRANSFER - Veh\u00edculo de alquiler privado Cannes: Fidelity Transfer Veh\u00edculo de alquiler privado Cannes","isPartOf":{"@id":"https:\/\/fidelitytransfert.com\/#website"},"datePublished":"2017-05-04T14:56:36+00:00","dateModified":"2023-07-12T12:25:45+00:00","breadcrumb":{"@id":"https:\/\/fidelitytransfert.com\/cgv-cgu\/#breadcrumb"},"inLanguage":"es","potentialAction":[{"@type":"ReadAction","target":["https:\/\/fidelitytransfert.com\/cgv-cgu\/"]}]},{"@type":"BreadcrumbList","@id":"https:\/\/fidelitytransfert.com\/cgv-cgu\/#breadcrumb","itemListElement":[{"@type":"ListItem","position":1,"name":"Accueil","item":"https:\/\/fidelitytransfert.com\/"},{"@type":"ListItem","position":2,"name":"Conditions G\u00e9n\u00e9rales de Vente de FIDELITY TRANSFERT"}]},{"@type":"WebSite","@id":"https:\/\/fidelitytransfert.com\/#website","url":"https:\/\/fidelitytransfert.com\/","name":"Transferencia de fidelidad VTC Cannes","description":"Reserve un servicio de ch\u00f3fer privado en Cannes y la Riviera Francesa","potentialAction":[{"@type":"SearchAction","target":{"@type":"EntryPoint","urlTemplate":"https:\/\/fidelitytransfert.com\/?s={search_term_string}"},"query-input":{"@type":"PropertyValueSpecification","valueRequired":true,"valueName":"search_term_string"}}],"inLanguage":"es"}]}},"_links":{"self":[{"href":"https:\/\/fidelitytransfert.com\/es\/wp-json\/wp\/v2\/pages\/61","targetHints":{"allow":["GET"]}}],"collection":[{"href":"https:\/\/fidelitytransfert.com\/es\/wp-json\/wp\/v2\/pages"}],"about":[{"href":"https:\/\/fidelitytransfert.com\/es\/wp-json\/wp\/v2\/types\/page"}],"author":[{"embeddable":true,"href":"https:\/\/fidelitytransfert.com\/es\/wp-json\/wp\/v2\/users\/2"}],"replies":[{"embeddable":true,"href":"https:\/\/fidelitytransfert.com\/es\/wp-json\/wp\/v2\/comments?post=61"}],"version-history":[{"count":0,"href":"https:\/\/fidelitytransfert.com\/es\/wp-json\/wp\/v2\/pages\/61\/revisions"}],"wp:attachment":[{"href":"https:\/\/fidelitytransfert.com\/es\/wp-json\/wp\/v2\/media?parent=61"}],"curies":[{"name":"wp","href":"https:\/\/api.w.org\/{rel}","templated":true}]}}