{"id":31,"date":"2017-05-04T15:50:54","date_gmt":"2017-05-04T15:50:54","guid":{"rendered":"https:\/\/fidelitytransfert.com\/?page_id=31"},"modified":"2025-03-10T07:45:31","modified_gmt":"2025-03-10T07:45:31","slug":"reserva-un-conductor-privado-en-cannes","status":"publish","type":"page","link":"https:\/\/fidelitytransfert.com\/es\/reserver-chauffeur-vtc-cannes\/","title":{"rendered":"Reserva"},"content":{"rendered":"<div data-elementor-type=\"wp-page\" data-elementor-id=\"31\" class=\"elementor elementor-31\" data-elementor-post-type=\"page\">\n\t\t\t\t<div class=\"elementor-element elementor-element-d9a75ca e-flex e-con-boxed e-con e-parent\" data-id=\"d9a75ca\" data-element_type=\"container\" data-e-type=\"container\">\n\t\t\t\t\t<div class=\"e-con-inner\">\n\t\t\t\t<div class=\"elementor-element elementor-element-3e31e42 elementor-widget elementor-widget-heading\" data-id=\"3e31e42\" data-element_type=\"widget\" data-e-type=\"widget\" data-widget_type=\"heading.default\">\n\t\t\t\t<div class=\"elementor-widget-container\">\n\t\t\t\t\t<h1 class=\"elementor-heading-title elementor-size-default\">Reserva un conductor privado para tus viajes desde Cannes\n<\/h1>\t\t\t\t<\/div>\n\t\t\t\t<\/div>\n\t\t<div class=\"elementor-element elementor-element-d27d51e e-flex e-con-boxed e-con e-child\" data-id=\"d27d51e\" data-element_type=\"container\" data-e-type=\"container\">\n\t\t\t\t\t<div class=\"e-con-inner\">\n\t\t\t\t<div class=\"elementor-element elementor-element-301a48a elementor-alert-warning elementor-widget elementor-widget-alert\" data-id=\"301a48a\" data-element_type=\"widget\" data-e-type=\"widget\" data-widget_type=\"alert.default\">\n\t\t\t\t<div class=\"elementor-widget-container\">\n\t\t\t\t\t\t\t<div class=\"elementor-alert\" role=\"alert\">\n\n\t\t\t\t\t\t<span class=\"elementor-alert-title\">Necesidad urgente<\/span>\n\t\t\t\n\t\t\t\t\t\t<span class=\"elementor-alert-description\">Si necesita un conductor privado en Cannes en menos de 12 horas, ll\u00e1menos directamente al 07 60 58 08 39 o al 06 65 17 70 14.<\/span>\n\t\t\t\n\t\t\t\n\t\t<\/div>\n\t\t\t\t\t\t<\/div>\n\t\t\t\t<\/div>\n\t\t\t\t<div class=\"elementor-element elementor-element-477fe15 elementor-alert-warning elementor-widget elementor-widget-alert\" data-id=\"477fe15\" data-element_type=\"widget\" data-e-type=\"widget\" data-widget_type=\"alert.default\">\n\t\t\t\t<div class=\"elementor-widget-container\">\n\t\t\t\t\t\t\t<div class=\"elementor-alert\" role=\"alert\">\n\n\t\t\t\t\t\t<span class=\"elementor-alert-title\">Pago<\/span>\n\t\t\t\n\t\t\t\t\t\t<span class=\"elementor-alert-description\">Puedes pagar tu viaje al conductor o directamente en l\u00ednea.<\/span>\n\t\t\t\n\t\t\t\n\t\t<\/div>\n\t\t\t\t\t\t<\/div>\n\t\t\t\t<\/div>\n\t\t\t\t<div class=\"elementor-element elementor-element-99d17da elementor-hidden-mobile elementor-widget elementor-widget-html\" data-id=\"99d17da\" data-element_type=\"widget\" data-e-type=\"widget\" data-widget_type=\"html.default\">\n\t\t\t\t<div class=\"elementor-widget-container\">\n\t\t\t\t\t<iframe src=\"https:\/\/app.clickchauffeur.com:8443\/module\/BzmMzDdW1yn7KTo1\" width=\"1000\" height=\"875\"><\/iframe>\t\t\t\t<\/div>\n\t\t\t\t<\/div>\n\t\t\t\t<div class=\"elementor-element elementor-element-3197208 elementor-hidden-desktop elementor-hidden-tablet elementor-widget elementor-widget-html\" data-id=\"3197208\" data-element_type=\"widget\" data-e-type=\"widget\" data-widget_type=\"html.default\">\n\t\t\t\t<div class=\"elementor-widget-container\">\n\t\t\t\t\t<iframe src=\"https:\/\/app.clickchauffeur.com:8443\/module\/BzmMzDdW1yn7KTo1\" width=\"1000\" height=\"1200\"><\/iframe>\t\t\t\t<\/div>\n\t\t\t\t<\/div>\n\t\t\t\t\t<\/div>\n\t\t\t\t<\/div>\n\t\t<div class=\"elementor-element elementor-element-23d1b0d e-con-full e-flex e-con e-child\" data-id=\"23d1b0d\" data-element_type=\"container\" data-e-type=\"container\">\n\t\t<div class=\"elementor-element elementor-element-e6a46f0 e-flex e-con-boxed e-con e-child\" data-id=\"e6a46f0\" data-element_type=\"container\" data-e-type=\"container\" data-settings=\"{&quot;background_background&quot;:&quot;classic&quot;}\">\n\t\t\t\t\t<div class=\"e-con-inner\">\n\t\t\t\t<div class=\"elementor-element elementor-element-604d83f elementor-widget elementor-widget-heading\" data-id=\"604d83f\" data-element_type=\"widget\" data-e-type=\"widget\" data-widget_type=\"heading.default\">\n\t\t\t\t<div class=\"elementor-widget-container\">\n\t\t\t\t\t<h2 class=\"elementor-heading-title elementor-size-default\">Reserva un ch\u00f3fer privado (VTC) en Cannes online y por tel\u00e9fono<\/h2>\t\t\t\t<\/div>\n\t\t\t\t<\/div>\n\t\t<div class=\"elementor-element elementor-element-49d30f9 e-flex e-con-boxed e-con e-child\" data-id=\"49d30f9\" data-element_type=\"container\" data-e-type=\"container\">\n\t\t\t\t\t<div class=\"e-con-inner\">\n\t\t<div class=\"elementor-element elementor-element-17f00a7 e-con-full e-flex e-con e-child\" data-id=\"17f00a7\" data-element_type=\"container\" data-e-type=\"container\">\n\t\t\t\t<div class=\"elementor-element elementor-element-3a12a4c elementor-widget elementor-widget-text-editor\" data-id=\"3a12a4c\" data-element_type=\"widget\" data-e-type=\"widget\" data-widget_type=\"text-editor.default\">\n\t\t\t\t<div class=\"elementor-widget-container\">\n\t\t\t\t\t\t\t\t\t<p class=\"translation-block\">\u00bfNecesita un <strong><a href=\"https:\/\/fidelitytransfert.com\/es\/\" target=\"_self\">servicio de ch\u00f3fer privado para viajar hacia o desde Cannes<\/a><\/strong> ? Estamos a su disposici\u00f3n y le proporcionaremos todo lo necesario para satisfacer sus necesidades de movilidad. Ya sea para llegar al aeropuerto de negocios de Cannes, desplazarse c\u00f3modamente dentro del departamento de los <strong>Alpes Mar\u00edtimos<\/strong> o explorar la <strong>Riviera Francesa<\/strong> .<\/p>\t\t\t\t\t\t\t\t<\/div>\n\t\t\t\t<\/div>\n\t\t\t\t<div class=\"elementor-element elementor-element-a2d746a elementor-widget elementor-widget-heading\" data-id=\"a2d746a\" data-element_type=\"widget\" data-e-type=\"widget\" data-widget_type=\"heading.default\">\n\t\t\t\t<div class=\"elementor-widget-container\">\n\t\t\t\t\t<h3 class=\"elementor-heading-title elementor-size-default\">\u00bfC\u00f3mo reservar un servicio de coche privado en Cannes?\n<\/h3>\t\t\t\t<\/div>\n\t\t\t\t<\/div>\n\t\t\t\t<div class=\"elementor-element elementor-element-55262bc elementor-widget elementor-widget-text-editor\" data-id=\"55262bc\" data-element_type=\"widget\" data-e-type=\"widget\" data-widget_type=\"text-editor.default\">\n\t\t\t\t<div class=\"elementor-widget-container\">\n\t\t\t\t\t\t\t\t\t<p class=\"translation-block\">Ofrecemos una amplia gama <strong>de servicios desde Cannes<\/strong> y su aeropuerto de negocios. Tanto si necesita transporte a lugares privados como si podemos gestionar sus viajes para eventos importantes como bodas, bautizos o cumplea\u00f1os, tambi\u00e9n ofrecemos traslados desde y hacia las numerosas <strong>estaciones de tren SNCF<\/strong> de Francia.<\/p>\t\t\t\t\t\t\t\t<\/div>\n\t\t\t\t<\/div>\n\t\t\t\t<div class=\"elementor-element elementor-element-a33c706 elementor-widget elementor-widget-heading\" data-id=\"a33c706\" data-element_type=\"widget\" data-e-type=\"widget\" data-widget_type=\"heading.default\">\n\t\t\t\t<div class=\"elementor-widget-container\">\n\t\t\t\t\t<h3 class=\"elementor-heading-title elementor-size-default\">Servicios de transporte para todas las solicitudes\n<\/h3>\t\t\t\t<\/div>\n\t\t\t\t<\/div>\n\t\t\t\t<div class=\"elementor-element elementor-element-fdc4125 elementor-widget elementor-widget-text-editor\" data-id=\"fdc4125\" data-element_type=\"widget\" data-e-type=\"widget\" data-widget_type=\"text-editor.default\">\n\t\t\t\t<div class=\"elementor-widget-container\">\n\t\t\t\t\t\t\t\t\t<p class=\"translation-block\">Tambi\u00e9n ofrecemos viajes de negocios y de placer. Gestionamos traslados a universidades e institutos de la regi\u00f3n. Con su <strong>conductor<\/strong> recogi\u00e9ndole en la zona de Cannes o en su aeropuerto de negocios, le garantizamos que viajar\u00e1 en veh\u00edculos modernos con todas las comodidades. Con un servicio de alta calidad, realizado por <strong>conductores<\/strong> apasionados por su trabajo y que ofrecen un servicio excelente, queremos que disfrute de un viaje placentero.<\/p>\t\t\t\t\t\t\t\t<\/div>\n\t\t\t\t<\/div>\n\t\t\t\t<div class=\"elementor-element elementor-element-6ddf95d elementor-widget elementor-widget-heading\" data-id=\"6ddf95d\" data-element_type=\"widget\" data-e-type=\"widget\" data-widget_type=\"heading.default\">\n\t\t\t\t<div class=\"elementor-widget-container\">\n\t\t\t\t\t<h3 class=\"elementor-heading-title elementor-size-default\">Todos tus destinos con conductor privado\n<\/h3>\t\t\t\t<\/div>\n\t\t\t\t<\/div>\n\t\t\t\t<div class=\"elementor-element elementor-element-dbbface elementor-widget elementor-widget-text-editor\" data-id=\"dbbface\" data-element_type=\"widget\" data-e-type=\"widget\" data-widget_type=\"text-editor.default\">\n\t\t\t\t<div class=\"elementor-widget-container\">\n\t\t\t\t\t\t\t\t\t<p class=\"translation-block\">Para <strong>reservar su servicio de coche privado<\/strong> desde cualquier destino de la Riviera Francesa y confirmar su recogida, simplemente reserve en l\u00ednea a trav\u00e9s de nuestro formulario de pedido. Ver\u00e1, es facil\u00edsimo. La prioridad de nuestra <strong>empresa de transporte<\/strong> es la satisfacci\u00f3n del cliente. Mejoramos constantemente nuestros <strong>servicios<\/strong> para garantizarle un viaje en las mejores condiciones posibles con un servicio de primera clase.<\/p>\t\t\t\t\t\t\t\t<\/div>\n\t\t\t\t<\/div>\n\t\t\t\t<\/div>\n\t\t<div class=\"elementor-element elementor-element-52e7a2f e-con-full e-flex e-con e-child\" data-id=\"52e7a2f\" data-element_type=\"container\" data-e-type=\"container\">\n\t\t\t\t<div class=\"elementor-element elementor-element-27eb849 elementor-widget elementor-widget-image\" data-id=\"27eb849\" data-element_type=\"widget\" data-e-type=\"widget\" data-widget_type=\"image.default\">\n\t\t\t\t<div class=\"elementor-widget-container\">\n\t\t\t\t\t\t\t\t\t\t\t\t\t\t\t<img fetchpriority=\"high\" decoding=\"async\" width=\"360\" height=\"567\" src=\"https:\/\/fidelitytransfert.com\/wp-content\/uploads\/2019\/05\/Reserver-Chauffeur-sur-Cannes.jpg\" class=\"attachment-large size-large wp-image-2445\" alt=\"Reserva un conductor online en los Alpes Mar\u00edtimos\" srcset=\"https:\/\/fidelitytransfert.com\/wp-content\/uploads\/2019\/05\/R\u00e9server-Chauffeur-sur-Cannes.jpg 360w, https:\/\/fidelitytransfert.com\/wp-content\/uploads\/2019\/05\/R\u00e9server-Chauffeur-sur-Cannes-190x300.jpg 190w\" sizes=\"(max-width: 360px) 100vw, 360px\" \/>\t\t\t\t\t\t\t\t\t\t\t\t\t\t\t<\/div>\n\t\t\t\t<\/div>\n\t\t\t\t<div class=\"elementor-element elementor-element-1cfe12e elementor-widget__width-auto elementor-widget elementor-widget-button\" data-id=\"1cfe12e\" data-element_type=\"widget\" data-e-type=\"widget\" data-widget_type=\"button.default\">\n\t\t\t\t<div class=\"elementor-widget-container\">\n\t\t\t\t\t\t\t\t\t<div class=\"elementor-button-wrapper\">\n\t\t\t\t\t<a class=\"elementor-button elementor-button-link elementor-size-sm\" href=\"tel:+33760580839\">\n\t\t\t\t\t\t<span class=\"elementor-button-content-wrapper\">\n\t\t\t\t\t\t\t\t\t<span class=\"elementor-button-text\">+33 7 60 58 08 39<\/span>\n\t\t\t\t\t<\/span>\n\t\t\t\t\t<\/a>\n\t\t\t\t<\/div>\n\t\t\t\t\t\t\t\t<\/div>\n\t\t\t\t<\/div>\n\t\t\t\t<div class=\"elementor-element elementor-element-27c2644 elementor-widget__width-auto elementor-widget elementor-widget-button\" data-id=\"27c2644\" data-element_type=\"widget\" data-e-type=\"widget\" data-widget_type=\"button.default\">\n\t\t\t\t<div class=\"elementor-widget-container\">\n\t\t\t\t\t\t\t\t\t<div class=\"elementor-button-wrapper\">\n\t\t\t\t\t<a class=\"elementor-button elementor-button-link elementor-size-sm\" href=\"tel:+33665177014\">\n\t\t\t\t\t\t<span class=\"elementor-button-content-wrapper\">\n\t\t\t\t\t\t\t\t\t<span class=\"elementor-button-text\">+33 6 65 17 70 14<\/span>\n\t\t\t\t\t<\/span>\n\t\t\t\t\t<\/a>\n\t\t\t\t<\/div>\n\t\t\t\t\t\t\t\t<\/div>\n\t\t\t\t<\/div>\n\t\t\t\t<\/div>\n\t\t\t\t\t<\/div>\n\t\t\t\t<\/div>\n\t\t\t\t\t<\/div>\n\t\t\t\t<\/div>\n\t\t\t\t<\/div>\n\t\t\t\t\t<\/div>\n\t\t\t\t<\/div>\n\t\t\t\t<\/div>","protected":false},"excerpt":{"rendered":"<p>R\u00e9server un chauffeur VTC pour vos d\u00e9placements depuis Cannes Besoin Urgent Si vous avez besoin d\u2019un chauffeur VTC \u00e0 Cannes dans les moins de 12h, veuillez nous t\u00e9l\u00e9phoner directement au 07 60 58 08 39 ou au 06 65 17 70 14. Paiement Possibilit\u00e9 de payer votre trajet au chauffeur ou directement en ligne. R\u00e9server [&hellip;]<\/p>\n","protected":false},"author":2,"featured_media":2445,"parent":0,"menu_order":0,"comment_status":"closed","ping_status":"closed","template":"","meta":{"footnotes":""},"class_list":["post-31","page","type-page","status-publish","has-post-thumbnail","hentry"],"yoast_head":"<!-- This site is optimized with the Yoast SEO plugin v27.2 - https:\/\/yoast.com\/product\/yoast-seo-wordpress\/ -->\n<title>R\u00e9server Chauffeur Priv\u00e9 VTC Cannes 24h\/7j | Fidelity Transfert<\/title>\n<meta name=\"description\" content=\"R\u00e9servation chauffeur priv\u00e9 VTC \u00e0 Cannes - Module de r\u00e9servation de votre VTC en ligne disponible 24h\/7j. Toute Destination, A\u00e9roport, Gares, Navette, etc.\" \/>\n<meta name=\"robots\" content=\"index, follow, max-snippet:-1, max-image-preview:large, max-video-preview:-1\" \/>\n<link rel=\"canonical\" href=\"https:\/\/fidelitytransfert.com\/es\/reserva-un-conductor-privado-en-cannes\/\" \/>\n<meta property=\"og:locale\" content=\"es_ES\" \/>\n<meta property=\"og:type\" content=\"article\" \/>\n<meta property=\"og:title\" content=\"R\u00e9server Chauffeur Priv\u00e9 VTC Cannes 24h\/7j | Fidelity Transfert\" \/>\n<meta property=\"og:description\" content=\"R\u00e9servation chauffeur priv\u00e9 VTC \u00e0 Cannes - Module de r\u00e9servation de votre VTC en ligne disponible 24h\/7j. Toute Destination, A\u00e9roport, Gares, Navette, etc.\" \/>\n<meta property=\"og:url\" content=\"https:\/\/fidelitytransfert.com\/es\/reserva-un-conductor-privado-en-cannes\/\" \/>\n<meta property=\"og:site_name\" content=\"VTC Cannes: Fidelity Transfert VTC Cannes\" \/>\n<meta property=\"article:modified_time\" content=\"2025-03-10T07:45:31+00:00\" \/>\n<meta property=\"og:image\" content=\"https:\/\/fidelitytransfert.com\/wp-content\/uploads\/2019\/05\/R\u00e9server-Chauffeur-sur-Cannes.jpg\" \/>\n\t<meta property=\"og:image:width\" content=\"360\" \/>\n\t<meta property=\"og:image:height\" content=\"567\" \/>\n\t<meta property=\"og:image:type\" content=\"image\/jpeg\" \/>\n<meta name=\"twitter:card\" content=\"summary_large_image\" \/>\n<meta name=\"twitter:label1\" content=\"Tiempo de lectura\" \/>\n\t<meta name=\"twitter:data1\" content=\"3 minutos\" \/>\n<script type=\"application\/ld+json\" class=\"yoast-schema-graph\">{\"@context\":\"https:\/\/schema.org\",\"@graph\":[{\"@type\":\"WebPage\",\"@id\":\"https:\/\/fidelitytransfert.com\/reserver-chauffeur-vtc-cannes\/\",\"url\":\"https:\/\/fidelitytransfert.com\/reserver-chauffeur-vtc-cannes\/\",\"name\":\"R\u00e9server Chauffeur Priv\u00e9 VTC Cannes 24h\/7j | Fidelity Transfert\",\"isPartOf\":{\"@id\":\"https:\/\/fidelitytransfert.com\/#website\"},\"primaryImageOfPage\":{\"@id\":\"https:\/\/fidelitytransfert.com\/reserver-chauffeur-vtc-cannes\/#primaryimage\"},\"image\":{\"@id\":\"https:\/\/fidelitytransfert.com\/reserver-chauffeur-vtc-cannes\/#primaryimage\"},\"thumbnailUrl\":\"https:\/\/fidelitytransfert.com\/wp-content\/uploads\/2019\/05\/R\u00e9server-Chauffeur-sur-Cannes.jpg\",\"datePublished\":\"2017-05-04T15:50:54+00:00\",\"dateModified\":\"2025-03-10T07:45:31+00:00\",\"description\":\"R\u00e9servation chauffeur priv\u00e9 VTC \u00e0 Cannes - Module de r\u00e9servation de votre VTC en ligne disponible 24h\/7j. Toute Destination, A\u00e9roport, Gares, Navette, etc.\",\"breadcrumb\":{\"@id\":\"https:\/\/fidelitytransfert.com\/reserver-chauffeur-vtc-cannes\/#breadcrumb\"},\"inLanguage\":\"es\",\"potentialAction\":[{\"@type\":\"ReadAction\",\"target\":[\"https:\/\/fidelitytransfert.com\/reserver-chauffeur-vtc-cannes\/\"]}]},{\"@type\":\"ImageObject\",\"inLanguage\":\"es\",\"@id\":\"https:\/\/fidelitytransfert.com\/reserver-chauffeur-vtc-cannes\/#primaryimage\",\"url\":\"https:\/\/fidelitytransfert.com\/wp-content\/uploads\/2019\/05\/R\u00e9server-Chauffeur-sur-Cannes.jpg\",\"contentUrl\":\"https:\/\/fidelitytransfert.com\/wp-content\/uploads\/2019\/05\/R\u00e9server-Chauffeur-sur-Cannes.jpg\",\"width\":360,\"height\":567,\"caption\":\"Commander commander un chauffeur en ligne dans les Alpes-Maritimes\"},{\"@type\":\"BreadcrumbList\",\"@id\":\"https:\/\/fidelitytransfert.com\/reserver-chauffeur-vtc-cannes\/#breadcrumb\",\"itemListElement\":[{\"@type\":\"ListItem\",\"position\":1,\"name\":\"Accueil\",\"item\":\"https:\/\/fidelitytransfert.com\/\"},{\"@type\":\"ListItem\",\"position\":2,\"name\":\"R\u00e9servation\"}]},{\"@type\":\"WebSite\",\"@id\":\"https:\/\/fidelitytransfert.com\/#website\",\"url\":\"https:\/\/fidelitytransfert.com\/\",\"name\":\"VTC Cannes Fidelity Transfert\",\"description\":\"R\u00e9server Chauffeur Priv\u00e9 VTC \u00e0 Cannes et sur la C\u00f4te d&#039;Azur\",\"potentialAction\":[{\"@type\":\"SearchAction\",\"target\":{\"@type\":\"EntryPoint\",\"urlTemplate\":\"https:\/\/fidelitytransfert.com\/?s={search_term_string}\"},\"query-input\":{\"@type\":\"PropertyValueSpecification\",\"valueRequired\":true,\"valueName\":\"search_term_string\"}}],\"inLanguage\":\"es\"}]}<\/script>\n<!-- \/ Yoast SEO plugin. -->","yoast_head_json":{"title":"Reserva un ch\u00f3fer privado en Cannes 24\/7 | Fidelity Transfer","description":"Servicio de ch\u00f3fer privado en Cannes - Reserva online disponible 24\/7. Todos los destinos: aeropuertos, estaciones de tren, lanzaderas, etc.","robots":{"index":"index","follow":"follow","max-snippet":"max-snippet:-1","max-image-preview":"max-image-preview:large","max-video-preview":"max-video-preview:-1"},"canonical":"https:\/\/fidelitytransfert.com\/es\/reserva-un-conductor-privado-en-cannes\/","og_locale":"es_ES","og_type":"article","og_title":"R\u00e9server Chauffeur Priv\u00e9 VTC Cannes 24h\/7j | Fidelity Transfert","og_description":"R\u00e9servation chauffeur priv\u00e9 VTC \u00e0 Cannes - Module de r\u00e9servation de votre VTC en ligne disponible 24h\/7j. Toute Destination, A\u00e9roport, Gares, Navette, etc.","og_url":"https:\/\/fidelitytransfert.com\/es\/reserva-un-conductor-privado-en-cannes\/","og_site_name":"VTC Cannes: Fidelity Transfert VTC Cannes","article_modified_time":"2025-03-10T07:45:31+00:00","og_image":[{"width":360,"height":567,"url":"https:\/\/fidelitytransfert.com\/wp-content\/uploads\/2019\/05\/R\u00e9server-Chauffeur-sur-Cannes.jpg","type":"image\/jpeg"}],"twitter_card":"summary_large_image","twitter_misc":{"Tiempo de lectura":"3 minutos"},"schema":{"@context":"https:\/\/schema.org","@graph":[{"@type":"WebPage","@id":"https:\/\/fidelitytransfert.com\/reserver-chauffeur-vtc-cannes\/","url":"https:\/\/fidelitytransfert.com\/reserver-chauffeur-vtc-cannes\/","name":"Reserva un ch\u00f3fer privado en Cannes 24\/7 | Fidelity Transfer","isPartOf":{"@id":"https:\/\/fidelitytransfert.com\/#website"},"primaryImageOfPage":{"@id":"https:\/\/fidelitytransfert.com\/reserver-chauffeur-vtc-cannes\/#primaryimage"},"image":{"@id":"https:\/\/fidelitytransfert.com\/reserver-chauffeur-vtc-cannes\/#primaryimage"},"thumbnailUrl":"https:\/\/fidelitytransfert.com\/wp-content\/uploads\/2019\/05\/R\u00e9server-Chauffeur-sur-Cannes.jpg","datePublished":"2017-05-04T15:50:54+00:00","dateModified":"2025-03-10T07:45:31+00:00","description":"Servicio de ch\u00f3fer privado en Cannes - Reserva online disponible 24\/7. Todos los destinos: aeropuertos, estaciones de tren, lanzaderas, etc.","breadcrumb":{"@id":"https:\/\/fidelitytransfert.com\/reserver-chauffeur-vtc-cannes\/#breadcrumb"},"inLanguage":"es","potentialAction":[{"@type":"ReadAction","target":["https:\/\/fidelitytransfert.com\/reserver-chauffeur-vtc-cannes\/"]}]},{"@type":"ImageObject","inLanguage":"es","@id":"https:\/\/fidelitytransfert.com\/reserver-chauffeur-vtc-cannes\/#primaryimage","url":"https:\/\/fidelitytransfert.com\/wp-content\/uploads\/2019\/05\/R\u00e9server-Chauffeur-sur-Cannes.jpg","contentUrl":"https:\/\/fidelitytransfert.com\/wp-content\/uploads\/2019\/05\/R\u00e9server-Chauffeur-sur-Cannes.jpg","width":360,"height":567,"caption":"Commander commander un chauffeur en ligne dans les Alpes-Maritimes"},{"@type":"BreadcrumbList","@id":"https:\/\/fidelitytransfert.com\/reserver-chauffeur-vtc-cannes\/#breadcrumb","itemListElement":[{"@type":"ListItem","position":1,"name":"Accueil","item":"https:\/\/fidelitytransfert.com\/"},{"@type":"ListItem","position":2,"name":"R\u00e9servation"}]},{"@type":"WebSite","@id":"https:\/\/fidelitytransfert.com\/#website","url":"https:\/\/fidelitytransfert.com\/","name":"Transferencia de fidelidad VTC Cannes","description":"Reserve un servicio de ch\u00f3fer privado en Cannes y la Riviera Francesa","potentialAction":[{"@type":"SearchAction","target":{"@type":"EntryPoint","urlTemplate":"https:\/\/fidelitytransfert.com\/?s={search_term_string}"},"query-input":{"@type":"PropertyValueSpecification","valueRequired":true,"valueName":"search_term_string"}}],"inLanguage":"es"}]}},"_links":{"self":[{"href":"https:\/\/fidelitytransfert.com\/es\/wp-json\/wp\/v2\/pages\/31","targetHints":{"allow":["GET"]}}],"collection":[{"href":"https:\/\/fidelitytransfert.com\/es\/wp-json\/wp\/v2\/pages"}],"about":[{"href":"https:\/\/fidelitytransfert.com\/es\/wp-json\/wp\/v2\/types\/page"}],"author":[{"embeddable":true,"href":"https:\/\/fidelitytransfert.com\/es\/wp-json\/wp\/v2\/users\/2"}],"replies":[{"embeddable":true,"href":"https:\/\/fidelitytransfert.com\/es\/wp-json\/wp\/v2\/comments?post=31"}],"version-history":[{"count":0,"href":"https:\/\/fidelitytransfert.com\/es\/wp-json\/wp\/v2\/pages\/31\/revisions"}],"wp:featuredmedia":[{"embeddable":true,"href":"https:\/\/fidelitytransfert.com\/es\/wp-json\/wp\/v2\/media\/2445"}],"wp:attachment":[{"href":"https:\/\/fidelitytransfert.com\/es\/wp-json\/wp\/v2\/media?parent=31"}],"curies":[{"name":"wp","href":"https:\/\/api.w.org\/{rel}","templated":true}]}}