{"id":11,"date":"2017-04-20T17:44:02","date_gmt":"2017-04-20T15:44:02","guid":{"rendered":"https:\/\/fidelitytransfert.com\/?page_id=11"},"modified":"2026-04-23T17:57:51","modified_gmt":"2026-04-23T17:57:51","slug":"avisos-legales","status":"publish","type":"page","link":"https:\/\/fidelitytransfert.com\/es\/mentions-legales\/","title":{"rendered":"Aviso legal"},"content":{"rendered":"<div data-elementor-type=\"wp-page\" data-elementor-id=\"11\" class=\"elementor elementor-11\" data-elementor-post-type=\"page\">\n\t\t\t\t\t\t<section class=\"elementor-section elementor-top-section elementor-element elementor-element-537e75b1 elementor-section-boxed elementor-section-height-default elementor-section-height-default\" data-id=\"537e75b1\" data-element_type=\"section\" data-e-type=\"section\">\n\t\t\t\t\t\t<div class=\"elementor-container elementor-column-gap-default\">\n\t\t\t\t\t<div class=\"elementor-column elementor-col-100 elementor-top-column elementor-element elementor-element-68c89f8e\" data-id=\"68c89f8e\" data-element_type=\"column\" data-e-type=\"column\">\n\t\t\t<div class=\"elementor-widget-wrap elementor-element-populated\">\n\t\t\t\t\t\t<div class=\"elementor-element elementor-element-6a5ec02 elementor-widget elementor-widget-heading\" data-id=\"6a5ec02\" data-element_type=\"widget\" data-e-type=\"widget\" data-widget_type=\"heading.default\">\n\t\t\t\t<div class=\"elementor-widget-container\">\n\t\t\t\t\t<h1 class=\"elementor-heading-title elementor-size-default\">Aviso legal<\/h1>\t\t\t\t<\/div>\n\t\t\t\t<\/div>\n\t\t\t\t<div class=\"elementor-element elementor-element-256ef9d elementor-widget elementor-widget-spacer\" data-id=\"256ef9d\" data-element_type=\"widget\" data-e-type=\"widget\" data-widget_type=\"spacer.default\">\n\t\t\t\t<div class=\"elementor-widget-container\">\n\t\t\t\t\t\t\t<div class=\"elementor-spacer\">\n\t\t\t<div class=\"elementor-spacer-inner\"><\/div>\n\t\t<\/div>\n\t\t\t\t\t\t<\/div>\n\t\t\t\t<\/div>\n\t\t\t\t<div class=\"elementor-element elementor-element-703f5d2c elementor-widget elementor-widget-text-editor\" data-id=\"703f5d2c\" data-element_type=\"widget\" data-e-type=\"widget\" data-widget_type=\"text-editor.default\">\n\t\t\t\t<div class=\"elementor-widget-container\">\n\t\t\t\t\t\t\t\t\t<p><strong>El sitio <a href=\"https:\/\/fidelitytransfert.com\/es\/\">https:\/\/fidelitytransfert.com\/<\/a>\u00a0es publicado por:<\/strong><\/p><p>WebAudit Francia<br \/>245 rue du Marais, 73190 Challes-les-Eaux<br \/>SAS con un capital de 600 \u20ac<br \/>RCS Chamb\u00e9ry 823 628 698<br \/>contact(@)webaudit.fr<\/p><p><strong>El sitio <a href=\"https:\/\/fidelitytransfert.com\/es\/\">https:\/\/fidelitytransfert.com\/<\/a>\u00a0se publica para:<\/strong><\/p><p>Nombre de la empresa: FIDELITY TRANSFER<br \/>SIRET: 79298075700019<br \/>N\u00famero de IVA: FR17792980757<br \/>Capital social: 1500 \u20ac<br \/>Direcci\u00f3n: 14 Rue du Pont Romain, 06400 Cannes, Francia<br \/>Direcci\u00f3n: 140 Avenue Marcel V\u00e9drine, 06250 Mougins, Francia<br \/>Tel\u00e9fono: +33760580839 y +33665177014<br \/>Correo electr\u00f3nico: reserver(@)fidelitytransfert.com<br \/>Director editorial: Yves Deranlot<\/p><p>Su sitio web <a href=\"https:\/\/fidelitytransfert.com\/es\/\">Veh\u00edculo de alquiler privado en Cannes<\/a> Fue realizado por el equipo de Webaudit France, especialista en la creaci\u00f3n de <a href=\"https:\/\/webaudit.fr\/vtc\/\">sitios web para conductores de servicios de transporte<\/a> con optimizaci\u00f3n SEO.<\/p><p>Descubra m\u00e1s en\u00a0<a href=\"https:\/\/annuaire-vtc-france.fr\/\">annuaire-vtc-france.fr<\/a>\u00a0todo\u00a0<a href=\"https:\/\/annuaire-vtc-france.fr\/vtc-06-alpes-maritimes\/\">Conductores de alquiler privados en los Alpes Mar\u00edtimos y la Riviera Francesa<\/a><\/p><p><b>Proveedor de alojamiento:<\/b><\/p><p>Red Infomaniak SA<br \/>25 Calle Eug\u00e8ne Marziano<br \/>1227 Las Acacias (GE)<br \/>Registro Mercantil del Cant\u00f3n de Ginebra: CH-660.0.059.996-1<br \/>N\u00famero de IDE: CHE-103.167.648<br \/>N\u00famero de IVA: CHE-103.167.648<\/p><p><b>Reglamento RGPD, Protecci\u00f3n de Datos y Uso de Cookies:<\/b><\/p><p>De acuerdo con los requisitos del Reglamento General de Protecci\u00f3n de Datos (RGPD), nos comprometemos con la transparencia y la protecci\u00f3n de sus datos personales. Para comprender claramente c\u00f3mo recopilamos, usamos y protegemos sus datos, as\u00ed como nuestro uso de cookies para mejorar su experiencia en nuestro sitio web, consulte nuestra <a href=\"#gdpr_cookie_modal\"><u>Centro de informaci\u00f3n sobre RGPD y cookies<\/u><\/a>.<\/p><p>Al hacer clic en este enlace, tendr\u00e1 acceso a nuestra Declaraci\u00f3n de privacidad y nuestra Pol\u00edtica de cookies que detallan nuestras pr\u00e1cticas de protecci\u00f3n de datos y uso de cookies, as\u00ed como sus derechos y opciones con respecto a esta informaci\u00f3n.<\/p><p><strong>Propiedad intelectual<\/strong><\/p><p>Todo el contenido de este sitio, incluidos, entre otros, gr\u00e1ficos, im\u00e1genes, textos, v\u00eddeos, animaciones, sonidos, logotipos, gifs e iconos, as\u00ed como su formato, son propiedad exclusiva de WEBAUDIT FRANCE SAS, con excepci\u00f3n de las marcas, logotipos o contenidos que pertenecen a otras empresas asociadas o autores.<br \/>Queda estrictamente prohibida cualquier reproducci\u00f3n, distribuci\u00f3n, modificaci\u00f3n, adaptaci\u00f3n, retransmisi\u00f3n o publicaci\u00f3n, incluso parcial, de estos elementos sin el consentimiento expreso por escrito de WEBAUDIT FRANCE SAS. Dicha representaci\u00f3n o reproducci\u00f3n, por cualquier medio, constituye una infracci\u00f3n de los derechos de autor sancionada por los art\u00edculos L.335-2 y siguientes del C\u00f3digo de la Propiedad Intelectual franc\u00e9s. El incumplimiento de esta prohibici\u00f3n constituye una infracci\u00f3n de los derechos de autor y puede dar lugar a sanciones civiles y penales. Adem\u00e1s, los propietarios del contenido copiado podr\u00e1n emprender acciones legales contra ellos.<\/p>\t\t\t\t\t\t\t\t<\/div>\n\t\t\t\t<\/div>\n\t\t\t\t\t<\/div>\n\t\t<\/div>\n\t\t\t\t\t<\/div>\n\t\t<\/section>\n\t\t\t\t<\/div>","protected":false},"excerpt":{"rendered":"<p>Mentions l\u00e9gales Le site https:\/\/fidelitytransfert.com\/\u00a0est \u00e9dit\u00e9 par : WebAudit France245 rue du Marais, 73190 Challes-les-EauxSAS au capital de 600\u20acRCS Chamb\u00e9ry 823 628 698contact(@)webaudit.fr Le site https:\/\/fidelitytransfert.com\/\u00a0est \u00e9dit\u00e9 pour : Raison sociale : FIDELITY TRANSFERTSIRET : 79298075700019Num\u00e9ro de TVA : FR17792980757Capital social : 1500\u20acAdresse : 14 Rue du Pont Romain, 06400 Cannes, FranceAdresse : 140 Avenue [&hellip;]<\/p>\n","protected":false},"author":2,"featured_media":0,"parent":0,"menu_order":0,"comment_status":"closed","ping_status":"closed","template":"","meta":{"footnotes":""},"class_list":["post-11","page","type-page","status-publish","hentry"],"yoast_head":"<!-- This site is optimized with the Yoast SEO plugin v27.5 - https:\/\/yoast.com\/product\/yoast-seo-wordpress\/ -->\n<title>Mentions l\u00e9gales - VTC Cannes: Fidelity Transfert VTC Cannes<\/title>\n<meta name=\"robots\" content=\"index, follow, max-snippet:-1, max-image-preview:large, max-video-preview:-1\" \/>\n<link rel=\"canonical\" href=\"https:\/\/fidelitytransfert.com\/es\/avisos-legales\/\" \/>\n<meta property=\"og:locale\" content=\"es_ES\" \/>\n<meta property=\"og:type\" content=\"article\" \/>\n<meta property=\"og:title\" content=\"Mentions l\u00e9gales - VTC Cannes: Fidelity Transfert VTC Cannes\" \/>\n<meta property=\"og:description\" content=\"Mentions l\u00e9gales Le site https:\/\/fidelitytransfert.com\/\u00a0est \u00e9dit\u00e9 par : WebAudit France245 rue du Marais, 73190 Challes-les-EauxSAS au capital de 600\u20acRCS Chamb\u00e9ry 823 628 698contact(@)webaudit.fr Le site https:\/\/fidelitytransfert.com\/\u00a0est \u00e9dit\u00e9 pour : Raison sociale : FIDELITY TRANSFERTSIRET : 79298075700019Num\u00e9ro de TVA : FR17792980757Capital social : 1500\u20acAdresse : 14 Rue du Pont Romain, 06400 Cannes, FranceAdresse : 140 Avenue [&hellip;]\" \/>\n<meta property=\"og:url\" content=\"https:\/\/fidelitytransfert.com\/es\/avisos-legales\/\" \/>\n<meta property=\"og:site_name\" content=\"VTC Cannes: Fidelity Transfert VTC Cannes\" \/>\n<meta property=\"article:modified_time\" content=\"2026-04-23T17:57:51+00:00\" \/>\n<meta name=\"twitter:card\" content=\"summary_large_image\" \/>\n<meta name=\"twitter:label1\" content=\"Tiempo de lectura\" \/>\n\t<meta name=\"twitter:data1\" content=\"3 minutos\" \/>\n<script type=\"application\/ld+json\" class=\"yoast-schema-graph\">{\"@context\":\"https:\\\/\\\/schema.org\",\"@graph\":[{\"@type\":\"WebPage\",\"@id\":\"https:\\\/\\\/fidelitytransfert.com\\\/mentions-legales\\\/\",\"url\":\"https:\\\/\\\/fidelitytransfert.com\\\/mentions-legales\\\/\",\"name\":\"Mentions l\u00e9gales - VTC Cannes: Fidelity Transfert VTC Cannes\",\"isPartOf\":{\"@id\":\"https:\\\/\\\/fidelitytransfert.com\\\/#website\"},\"datePublished\":\"2017-04-20T15:44:02+00:00\",\"dateModified\":\"2026-04-23T17:57:51+00:00\",\"breadcrumb\":{\"@id\":\"https:\\\/\\\/fidelitytransfert.com\\\/mentions-legales\\\/#breadcrumb\"},\"inLanguage\":\"es\",\"potentialAction\":[{\"@type\":\"ReadAction\",\"target\":[\"https:\\\/\\\/fidelitytransfert.com\\\/mentions-legales\\\/\"]}]},{\"@type\":\"BreadcrumbList\",\"@id\":\"https:\\\/\\\/fidelitytransfert.com\\\/mentions-legales\\\/#breadcrumb\",\"itemListElement\":[{\"@type\":\"ListItem\",\"position\":1,\"name\":\"Accueil\",\"item\":\"https:\\\/\\\/fidelitytransfert.com\\\/\"},{\"@type\":\"ListItem\",\"position\":2,\"name\":\"Mentions l\u00e9gales\"}]},{\"@type\":\"WebSite\",\"@id\":\"https:\\\/\\\/fidelitytransfert.com\\\/#website\",\"url\":\"https:\\\/\\\/fidelitytransfert.com\\\/\",\"name\":\"VTC Cannes Fidelity Transfert\",\"description\":\"R\u00e9server Chauffeur Priv\u00e9 VTC \u00e0 Cannes et sur la C\u00f4te d&#039;Azur\",\"potentialAction\":[{\"@type\":\"SearchAction\",\"target\":{\"@type\":\"EntryPoint\",\"urlTemplate\":\"https:\\\/\\\/fidelitytransfert.com\\\/?s={search_term_string}\"},\"query-input\":{\"@type\":\"PropertyValueSpecification\",\"valueRequired\":true,\"valueName\":\"search_term_string\"}}],\"inLanguage\":\"es\"}]}<\/script>\n<!-- \/ Yoast SEO plugin. -->","yoast_head_json":{"title":"Aviso legal - Veh\u00edculo de alquiler privado en Cannes: Fidelity Transfert VTC Cannes","robots":{"index":"index","follow":"follow","max-snippet":"max-snippet:-1","max-image-preview":"max-image-preview:large","max-video-preview":"max-video-preview:-1"},"canonical":"https:\/\/fidelitytransfert.com\/es\/avisos-legales\/","og_locale":"es_ES","og_type":"article","og_title":"Mentions l\u00e9gales - VTC Cannes: Fidelity Transfert VTC Cannes","og_description":"Mentions l\u00e9gales Le site https:\/\/fidelitytransfert.com\/\u00a0est \u00e9dit\u00e9 par : WebAudit France245 rue du Marais, 73190 Challes-les-EauxSAS au capital de 600\u20acRCS Chamb\u00e9ry 823 628 698contact(@)webaudit.fr Le site https:\/\/fidelitytransfert.com\/\u00a0est \u00e9dit\u00e9 pour : Raison sociale : FIDELITY TRANSFERTSIRET : 79298075700019Num\u00e9ro de TVA : FR17792980757Capital social : 1500\u20acAdresse : 14 Rue du Pont Romain, 06400 Cannes, FranceAdresse : 140 Avenue [&hellip;]","og_url":"https:\/\/fidelitytransfert.com\/es\/avisos-legales\/","og_site_name":"VTC Cannes: Fidelity Transfert VTC Cannes","article_modified_time":"2026-04-23T17:57:51+00:00","twitter_card":"summary_large_image","twitter_misc":{"Tiempo de lectura":"3 minutos"},"schema":{"@context":"https:\/\/schema.org","@graph":[{"@type":"WebPage","@id":"https:\/\/fidelitytransfert.com\/mentions-legales\/","url":"https:\/\/fidelitytransfert.com\/mentions-legales\/","name":"Aviso legal - Veh\u00edculo de alquiler privado en Cannes: Fidelity Transfert VTC Cannes","isPartOf":{"@id":"https:\/\/fidelitytransfert.com\/#website"},"datePublished":"2017-04-20T15:44:02+00:00","dateModified":"2026-04-23T17:57:51+00:00","breadcrumb":{"@id":"https:\/\/fidelitytransfert.com\/mentions-legales\/#breadcrumb"},"inLanguage":"es","potentialAction":[{"@type":"ReadAction","target":["https:\/\/fidelitytransfert.com\/mentions-legales\/"]}]},{"@type":"BreadcrumbList","@id":"https:\/\/fidelitytransfert.com\/mentions-legales\/#breadcrumb","itemListElement":[{"@type":"ListItem","position":1,"name":"Accueil","item":"https:\/\/fidelitytransfert.com\/"},{"@type":"ListItem","position":2,"name":"Mentions l\u00e9gales"}]},{"@type":"WebSite","@id":"https:\/\/fidelitytransfert.com\/#website","url":"https:\/\/fidelitytransfert.com\/","name":"Transferencia de fidelidad VTC Cannes","description":"Reserve un servicio de ch\u00f3fer privado en Cannes y la Riviera Francesa","potentialAction":[{"@type":"SearchAction","target":{"@type":"EntryPoint","urlTemplate":"https:\/\/fidelitytransfert.com\/?s={search_term_string}"},"query-input":{"@type":"PropertyValueSpecification","valueRequired":true,"valueName":"search_term_string"}}],"inLanguage":"es"}]}},"_links":{"self":[{"href":"https:\/\/fidelitytransfert.com\/es\/wp-json\/wp\/v2\/pages\/11","targetHints":{"allow":["GET"]}}],"collection":[{"href":"https:\/\/fidelitytransfert.com\/es\/wp-json\/wp\/v2\/pages"}],"about":[{"href":"https:\/\/fidelitytransfert.com\/es\/wp-json\/wp\/v2\/types\/page"}],"author":[{"embeddable":true,"href":"https:\/\/fidelitytransfert.com\/es\/wp-json\/wp\/v2\/users\/2"}],"replies":[{"embeddable":true,"href":"https:\/\/fidelitytransfert.com\/es\/wp-json\/wp\/v2\/comments?post=11"}],"version-history":[{"count":3,"href":"https:\/\/fidelitytransfert.com\/es\/wp-json\/wp\/v2\/pages\/11\/revisions"}],"predecessor-version":[{"id":3274,"href":"https:\/\/fidelitytransfert.com\/es\/wp-json\/wp\/v2\/pages\/11\/revisions\/3274"}],"wp:attachment":[{"href":"https:\/\/fidelitytransfert.com\/es\/wp-json\/wp\/v2\/media?parent=11"}],"curies":[{"name":"wp","href":"https:\/\/api.w.org\/{rel}","templated":true}]}}