{"id":31,"date":"2017-05-04T15:50:54","date_gmt":"2017-05-04T15:50:54","guid":{"rendered":"https:\/\/fidelitytransfert.com\/?page_id=31"},"modified":"2025-03-10T07:45:31","modified_gmt":"2025-03-10T07:45:31","slug":"book-a-private-driver-in-cannes","status":"publish","type":"page","link":"https:\/\/fidelitytransfert.com\/en\/reserver-chauffeur-vtc-cannes\/","title":{"rendered":"Reservation"},"content":{"rendered":"<div data-elementor-type=\"wp-page\" data-elementor-id=\"31\" class=\"elementor elementor-31\" data-elementor-post-type=\"page\">\n\t\t\t\t<div class=\"elementor-element elementor-element-d9a75ca e-flex e-con-boxed e-con e-parent\" data-id=\"d9a75ca\" data-element_type=\"container\" data-e-type=\"container\">\n\t\t\t\t\t<div class=\"e-con-inner\">\n\t\t\t\t<div class=\"elementor-element elementor-element-3e31e42 elementor-widget elementor-widget-heading\" data-id=\"3e31e42\" data-element_type=\"widget\" data-e-type=\"widget\" data-widget_type=\"heading.default\">\n\t\t\t\t<div class=\"elementor-widget-container\">\n\t\t\t\t\t<h1 class=\"elementor-heading-title elementor-size-default\">Book a private driver for your journeys from Cannes\n<\/h1>\t\t\t\t<\/div>\n\t\t\t\t<\/div>\n\t\t<div class=\"elementor-element elementor-element-d27d51e e-flex e-con-boxed e-con e-child\" data-id=\"d27d51e\" data-element_type=\"container\" data-e-type=\"container\">\n\t\t\t\t\t<div class=\"e-con-inner\">\n\t\t\t\t<div class=\"elementor-element elementor-element-301a48a elementor-alert-warning elementor-widget elementor-widget-alert\" data-id=\"301a48a\" data-element_type=\"widget\" data-e-type=\"widget\" data-widget_type=\"alert.default\">\n\t\t\t\t<div class=\"elementor-widget-container\">\n\t\t\t\t\t\t\t<div class=\"elementor-alert\" role=\"alert\">\n\n\t\t\t\t\t\t<span class=\"elementor-alert-title\">Urgent Need<\/span>\n\t\t\t\n\t\t\t\t\t\t<span class=\"elementor-alert-description\">If you need a private driver in Cannes in less than 12 hours, please call us directly on 07 60 58 08 39 or 06 65 17 70 14.<\/span>\n\t\t\t\n\t\t\t\n\t\t<\/div>\n\t\t\t\t\t\t<\/div>\n\t\t\t\t<\/div>\n\t\t\t\t<div class=\"elementor-element elementor-element-477fe15 elementor-alert-warning elementor-widget elementor-widget-alert\" data-id=\"477fe15\" data-element_type=\"widget\" data-e-type=\"widget\" data-widget_type=\"alert.default\">\n\t\t\t\t<div class=\"elementor-widget-container\">\n\t\t\t\t\t\t\t<div class=\"elementor-alert\" role=\"alert\">\n\n\t\t\t\t\t\t<span class=\"elementor-alert-title\">Payment<\/span>\n\t\t\t\n\t\t\t\t\t\t<span class=\"elementor-alert-description\">You can pay for your ride to the driver or directly online.<\/span>\n\t\t\t\n\t\t\t\n\t\t<\/div>\n\t\t\t\t\t\t<\/div>\n\t\t\t\t<\/div>\n\t\t\t\t<div class=\"elementor-element elementor-element-99d17da elementor-hidden-mobile elementor-widget elementor-widget-html\" data-id=\"99d17da\" data-element_type=\"widget\" data-e-type=\"widget\" data-widget_type=\"html.default\">\n\t\t\t\t<div class=\"elementor-widget-container\">\n\t\t\t\t\t<iframe src=\"https:\/\/app.clickchauffeur.com:8443\/module\/BzmMzDdW1yn7KTo1\" width=\"1000\" height=\"875\"><\/iframe>\t\t\t\t<\/div>\n\t\t\t\t<\/div>\n\t\t\t\t<div class=\"elementor-element elementor-element-3197208 elementor-hidden-desktop elementor-hidden-tablet elementor-widget elementor-widget-html\" data-id=\"3197208\" data-element_type=\"widget\" data-e-type=\"widget\" data-widget_type=\"html.default\">\n\t\t\t\t<div class=\"elementor-widget-container\">\n\t\t\t\t\t<iframe src=\"https:\/\/app.clickchauffeur.com:8443\/module\/BzmMzDdW1yn7KTo1\" width=\"1000\" height=\"1200\"><\/iframe>\t\t\t\t<\/div>\n\t\t\t\t<\/div>\n\t\t\t\t\t<\/div>\n\t\t\t\t<\/div>\n\t\t<div class=\"elementor-element elementor-element-23d1b0d e-con-full e-flex e-con e-child\" data-id=\"23d1b0d\" data-element_type=\"container\" data-e-type=\"container\">\n\t\t<div class=\"elementor-element elementor-element-e6a46f0 e-flex e-con-boxed e-con e-child\" data-id=\"e6a46f0\" data-element_type=\"container\" data-e-type=\"container\" data-settings=\"{&quot;background_background&quot;:&quot;classic&quot;}\">\n\t\t\t\t\t<div class=\"e-con-inner\">\n\t\t\t\t<div class=\"elementor-element elementor-element-604d83f elementor-widget elementor-widget-heading\" data-id=\"604d83f\" data-element_type=\"widget\" data-e-type=\"widget\" data-widget_type=\"heading.default\">\n\t\t\t\t<div class=\"elementor-widget-container\">\n\t\t\t\t\t<h2 class=\"elementor-heading-title elementor-size-default\">Book a private chauffeur in Cannes online and by phone<\/h2>\t\t\t\t<\/div>\n\t\t\t\t<\/div>\n\t\t<div class=\"elementor-element elementor-element-49d30f9 e-flex e-con-boxed e-con e-child\" data-id=\"49d30f9\" data-element_type=\"container\" data-e-type=\"container\">\n\t\t\t\t\t<div class=\"e-con-inner\">\n\t\t<div class=\"elementor-element elementor-element-17f00a7 e-con-full e-flex e-con e-child\" data-id=\"17f00a7\" data-element_type=\"container\" data-e-type=\"container\">\n\t\t\t\t<div class=\"elementor-element elementor-element-3a12a4c elementor-widget elementor-widget-text-editor\" data-id=\"3a12a4c\" data-element_type=\"widget\" data-e-type=\"widget\" data-widget_type=\"text-editor.default\">\n\t\t\t\t<div class=\"elementor-widget-container\">\n\t\t\t\t\t\t\t\t\t<p class=\"translation-block\">Do you need a <strong><a href=\"https:\/\/fidelitytransfert.com\/en\/\" target=\"_self\">private chauffeur service to travel to or from Cannes<\/a><\/strong> ? We are at your service and will provide everything you need to meet your mobility requirements. Whether you need to get to Cannes business airport, travel easily within the <strong>Alpes-Maritimes<\/strong> department, or explore the <strong>French Riviera<\/strong> region.<\/p>\t\t\t\t\t\t\t\t<\/div>\n\t\t\t\t<\/div>\n\t\t\t\t<div class=\"elementor-element elementor-element-a2d746a elementor-widget elementor-widget-heading\" data-id=\"a2d746a\" data-element_type=\"widget\" data-e-type=\"widget\" data-widget_type=\"heading.default\">\n\t\t\t\t<div class=\"elementor-widget-container\">\n\t\t\t\t\t<h3 class=\"elementor-heading-title elementor-size-default\">How to order a private car service in Cannes?\n<\/h3>\t\t\t\t<\/div>\n\t\t\t\t<\/div>\n\t\t\t\t<div class=\"elementor-element elementor-element-55262bc elementor-widget elementor-widget-text-editor\" data-id=\"55262bc\" data-element_type=\"widget\" data-e-type=\"widget\" data-widget_type=\"text-editor.default\">\n\t\t\t\t<div class=\"elementor-widget-container\">\n\t\t\t\t\t\t\t\t\t<p class=\"translation-block\">We offer a wide range <strong>of services from Cannes<\/strong> and its business airport. Whether you need transportation to private venues, or we can manage your travel arrangements for important life events such as weddings, baptisms, or birthdays, we can also provide transfers to and from the numerous <strong>SNCF train stations<\/strong> throughout France.<\/p>\t\t\t\t\t\t\t\t<\/div>\n\t\t\t\t<\/div>\n\t\t\t\t<div class=\"elementor-element elementor-element-a33c706 elementor-widget elementor-widget-heading\" data-id=\"a33c706\" data-element_type=\"widget\" data-e-type=\"widget\" data-widget_type=\"heading.default\">\n\t\t\t\t<div class=\"elementor-widget-container\">\n\t\t\t\t\t<h3 class=\"elementor-heading-title elementor-size-default\">Transportation services for all requests\n<\/h3>\t\t\t\t<\/div>\n\t\t\t\t<\/div>\n\t\t\t\t<div class=\"elementor-element elementor-element-fdc4125 elementor-widget elementor-widget-text-editor\" data-id=\"fdc4125\" data-element_type=\"widget\" data-e-type=\"widget\" data-widget_type=\"text-editor.default\">\n\t\t\t\t<div class=\"elementor-widget-container\">\n\t\t\t\t\t\t\t\t\t<p class=\"translation-block\">We also offer business and leisure travel. We also handle transfers to universities and colleges in the region. With your <strong>driver<\/strong> picking you up in the Cannes area or at its business airport, you&#039;re guaranteed to travel in modern vehicles with all the comforts that come with them. With high-quality service from <strong>drivers<\/strong> who are passionate about their work and providing excellent service, we want you to have a pleasant journey with them.<\/p>\t\t\t\t\t\t\t\t<\/div>\n\t\t\t\t<\/div>\n\t\t\t\t<div class=\"elementor-element elementor-element-6ddf95d elementor-widget elementor-widget-heading\" data-id=\"6ddf95d\" data-element_type=\"widget\" data-e-type=\"widget\" data-widget_type=\"heading.default\">\n\t\t\t\t<div class=\"elementor-widget-container\">\n\t\t\t\t\t<h3 class=\"elementor-heading-title elementor-size-default\">All your destinations with a private driver\n<\/h3>\t\t\t\t<\/div>\n\t\t\t\t<\/div>\n\t\t\t\t<div class=\"elementor-element elementor-element-dbbface elementor-widget elementor-widget-text-editor\" data-id=\"dbbface\" data-element_type=\"widget\" data-e-type=\"widget\" data-widget_type=\"text-editor.default\">\n\t\t\t\t<div class=\"elementor-widget-container\">\n\t\t\t\t\t\t\t\t\t<p class=\"translation-block\">To <strong>book your private car service<\/strong> from any destination on the French Riviera and confirm your pick-up, simply book online using our order form. You&#039;ll see, it&#039;s a breeze. Our <strong>transport company<\/strong> &#039;s number one priority is customer satisfaction. We are constantly improving our <strong>services<\/strong> to ensure you travel in the best possible conditions with top-notch service.<\/p>\t\t\t\t\t\t\t\t<\/div>\n\t\t\t\t<\/div>\n\t\t\t\t<\/div>\n\t\t<div class=\"elementor-element elementor-element-52e7a2f e-con-full e-flex e-con e-child\" data-id=\"52e7a2f\" data-element_type=\"container\" data-e-type=\"container\">\n\t\t\t\t<div class=\"elementor-element elementor-element-27eb849 elementor-widget elementor-widget-image\" data-id=\"27eb849\" data-element_type=\"widget\" data-e-type=\"widget\" data-widget_type=\"image.default\">\n\t\t\t\t<div class=\"elementor-widget-container\">\n\t\t\t\t\t\t\t\t\t\t\t\t\t\t\t<img fetchpriority=\"high\" decoding=\"async\" width=\"360\" height=\"567\" src=\"https:\/\/fidelitytransfert.com\/wp-content\/uploads\/2019\/05\/R\u00e9server-Chauffeur-sur-Cannes.jpg\" class=\"attachment-large size-large wp-image-2445\" alt=\"Book a driver online in the Alpes-Maritimes\" srcset=\"https:\/\/fidelitytransfert.com\/wp-content\/uploads\/2019\/05\/R\u00e9server-Chauffeur-sur-Cannes.jpg 360w, https:\/\/fidelitytransfert.com\/wp-content\/uploads\/2019\/05\/R\u00e9server-Chauffeur-sur-Cannes-190x300.jpg 190w\" sizes=\"(max-width: 360px) 100vw, 360px\" \/>\t\t\t\t\t\t\t\t\t\t\t\t\t\t\t<\/div>\n\t\t\t\t<\/div>\n\t\t\t\t<div class=\"elementor-element elementor-element-1cfe12e elementor-widget__width-auto elementor-widget elementor-widget-button\" data-id=\"1cfe12e\" data-element_type=\"widget\" data-e-type=\"widget\" data-widget_type=\"button.default\">\n\t\t\t\t<div class=\"elementor-widget-container\">\n\t\t\t\t\t\t\t\t\t<div class=\"elementor-button-wrapper\">\n\t\t\t\t\t<a class=\"elementor-button elementor-button-link elementor-size-sm\" href=\"tel:+33760580839\">\n\t\t\t\t\t\t<span class=\"elementor-button-content-wrapper\">\n\t\t\t\t\t\t\t\t\t<span class=\"elementor-button-text\">+33 7 60 58 08 39<\/span>\n\t\t\t\t\t<\/span>\n\t\t\t\t\t<\/a>\n\t\t\t\t<\/div>\n\t\t\t\t\t\t\t\t<\/div>\n\t\t\t\t<\/div>\n\t\t\t\t<div class=\"elementor-element elementor-element-27c2644 elementor-widget__width-auto elementor-widget elementor-widget-button\" data-id=\"27c2644\" data-element_type=\"widget\" data-e-type=\"widget\" data-widget_type=\"button.default\">\n\t\t\t\t<div class=\"elementor-widget-container\">\n\t\t\t\t\t\t\t\t\t<div class=\"elementor-button-wrapper\">\n\t\t\t\t\t<a class=\"elementor-button elementor-button-link elementor-size-sm\" href=\"tel:+33665177014\">\n\t\t\t\t\t\t<span class=\"elementor-button-content-wrapper\">\n\t\t\t\t\t\t\t\t\t<span class=\"elementor-button-text\">+33 6 65 17 70 14<\/span>\n\t\t\t\t\t<\/span>\n\t\t\t\t\t<\/a>\n\t\t\t\t<\/div>\n\t\t\t\t\t\t\t\t<\/div>\n\t\t\t\t<\/div>\n\t\t\t\t<\/div>\n\t\t\t\t\t<\/div>\n\t\t\t\t<\/div>\n\t\t\t\t\t<\/div>\n\t\t\t\t<\/div>\n\t\t\t\t<\/div>\n\t\t\t\t\t<\/div>\n\t\t\t\t<\/div>\n\t\t\t\t<\/div>","protected":false},"excerpt":{"rendered":"<p>R\u00e9server un chauffeur VTC pour vos d\u00e9placements depuis Cannes Besoin Urgent Si vous avez besoin d\u2019un chauffeur VTC \u00e0 Cannes dans les moins de 12h, veuillez nous t\u00e9l\u00e9phoner directement au 07 60 58 08 39 ou au 06 65 17 70 14. Paiement Possibilit\u00e9 de payer votre trajet au chauffeur ou directement en ligne. R\u00e9server [&hellip;]<\/p>\n","protected":false},"author":2,"featured_media":2445,"parent":0,"menu_order":0,"comment_status":"closed","ping_status":"closed","template":"","meta":{"footnotes":""},"class_list":["post-31","page","type-page","status-publish","has-post-thumbnail","hentry"],"yoast_head":"<!-- This site is optimized with the Yoast SEO plugin v27.2 - https:\/\/yoast.com\/product\/yoast-seo-wordpress\/ -->\n<title>R\u00e9server Chauffeur Priv\u00e9 VTC Cannes 24h\/7j | Fidelity Transfert<\/title>\n<meta name=\"description\" content=\"R\u00e9servation chauffeur priv\u00e9 VTC \u00e0 Cannes - Module de r\u00e9servation de votre VTC en ligne disponible 24h\/7j. Toute Destination, A\u00e9roport, Gares, Navette, etc.\" \/>\n<meta name=\"robots\" content=\"index, follow, max-snippet:-1, max-image-preview:large, max-video-preview:-1\" \/>\n<link rel=\"canonical\" href=\"https:\/\/fidelitytransfert.com\/en\/book-a-private-driver-in-cannes\/\" \/>\n<meta property=\"og:locale\" content=\"en_US\" \/>\n<meta property=\"og:type\" content=\"article\" \/>\n<meta property=\"og:title\" content=\"R\u00e9server Chauffeur Priv\u00e9 VTC Cannes 24h\/7j | Fidelity Transfert\" \/>\n<meta property=\"og:description\" content=\"R\u00e9servation chauffeur priv\u00e9 VTC \u00e0 Cannes - Module de r\u00e9servation de votre VTC en ligne disponible 24h\/7j. Toute Destination, A\u00e9roport, Gares, Navette, etc.\" \/>\n<meta property=\"og:url\" content=\"https:\/\/fidelitytransfert.com\/en\/book-a-private-driver-in-cannes\/\" \/>\n<meta property=\"og:site_name\" content=\"VTC Cannes: Fidelity Transfert VTC Cannes\" \/>\n<meta property=\"article:modified_time\" content=\"2025-03-10T07:45:31+00:00\" \/>\n<meta property=\"og:image\" content=\"https:\/\/fidelitytransfert.com\/wp-content\/uploads\/2019\/05\/R\u00e9server-Chauffeur-sur-Cannes.jpg\" \/>\n\t<meta property=\"og:image:width\" content=\"360\" \/>\n\t<meta property=\"og:image:height\" content=\"567\" \/>\n\t<meta property=\"og:image:type\" content=\"image\/jpeg\" \/>\n<meta name=\"twitter:card\" content=\"summary_large_image\" \/>\n<meta name=\"twitter:label1\" content=\"Est. reading time\" \/>\n\t<meta name=\"twitter:data1\" content=\"3 minutes\" \/>\n<script type=\"application\/ld+json\" class=\"yoast-schema-graph\">{\"@context\":\"https:\/\/schema.org\",\"@graph\":[{\"@type\":\"WebPage\",\"@id\":\"https:\/\/fidelitytransfert.com\/reserver-chauffeur-vtc-cannes\/\",\"url\":\"https:\/\/fidelitytransfert.com\/reserver-chauffeur-vtc-cannes\/\",\"name\":\"R\u00e9server Chauffeur Priv\u00e9 VTC Cannes 24h\/7j | Fidelity Transfert\",\"isPartOf\":{\"@id\":\"https:\/\/fidelitytransfert.com\/#website\"},\"primaryImageOfPage\":{\"@id\":\"https:\/\/fidelitytransfert.com\/reserver-chauffeur-vtc-cannes\/#primaryimage\"},\"image\":{\"@id\":\"https:\/\/fidelitytransfert.com\/reserver-chauffeur-vtc-cannes\/#primaryimage\"},\"thumbnailUrl\":\"https:\/\/fidelitytransfert.com\/wp-content\/uploads\/2019\/05\/R\u00e9server-Chauffeur-sur-Cannes.jpg\",\"datePublished\":\"2017-05-04T15:50:54+00:00\",\"dateModified\":\"2025-03-10T07:45:31+00:00\",\"description\":\"R\u00e9servation chauffeur priv\u00e9 VTC \u00e0 Cannes - Module de r\u00e9servation de votre VTC en ligne disponible 24h\/7j. Toute Destination, A\u00e9roport, Gares, Navette, etc.\",\"breadcrumb\":{\"@id\":\"https:\/\/fidelitytransfert.com\/reserver-chauffeur-vtc-cannes\/#breadcrumb\"},\"inLanguage\":\"en-US\",\"potentialAction\":[{\"@type\":\"ReadAction\",\"target\":[\"https:\/\/fidelitytransfert.com\/reserver-chauffeur-vtc-cannes\/\"]}]},{\"@type\":\"ImageObject\",\"inLanguage\":\"en-US\",\"@id\":\"https:\/\/fidelitytransfert.com\/reserver-chauffeur-vtc-cannes\/#primaryimage\",\"url\":\"https:\/\/fidelitytransfert.com\/wp-content\/uploads\/2019\/05\/R\u00e9server-Chauffeur-sur-Cannes.jpg\",\"contentUrl\":\"https:\/\/fidelitytransfert.com\/wp-content\/uploads\/2019\/05\/R\u00e9server-Chauffeur-sur-Cannes.jpg\",\"width\":360,\"height\":567,\"caption\":\"Commander commander un chauffeur en ligne dans les Alpes-Maritimes\"},{\"@type\":\"BreadcrumbList\",\"@id\":\"https:\/\/fidelitytransfert.com\/reserver-chauffeur-vtc-cannes\/#breadcrumb\",\"itemListElement\":[{\"@type\":\"ListItem\",\"position\":1,\"name\":\"Accueil\",\"item\":\"https:\/\/fidelitytransfert.com\/\"},{\"@type\":\"ListItem\",\"position\":2,\"name\":\"R\u00e9servation\"}]},{\"@type\":\"WebSite\",\"@id\":\"https:\/\/fidelitytransfert.com\/#website\",\"url\":\"https:\/\/fidelitytransfert.com\/\",\"name\":\"VTC Cannes Fidelity Transfert\",\"description\":\"R\u00e9server Chauffeur Priv\u00e9 VTC \u00e0 Cannes et sur la C\u00f4te d&#039;Azur\",\"potentialAction\":[{\"@type\":\"SearchAction\",\"target\":{\"@type\":\"EntryPoint\",\"urlTemplate\":\"https:\/\/fidelitytransfert.com\/?s={search_term_string}\"},\"query-input\":{\"@type\":\"PropertyValueSpecification\",\"valueRequired\":true,\"valueName\":\"search_term_string\"}}],\"inLanguage\":\"en-US\"}]}<\/script>\n<!-- \/ Yoast SEO plugin. -->","yoast_head_json":{"title":"Book a private driver in Cannes 24\/7 | Fidelity Transfer","description":"Private chauffeur service in Cannes - Online booking available 24\/7. All destinations, airports, train stations, shuttles, etc.","robots":{"index":"index","follow":"follow","max-snippet":"max-snippet:-1","max-image-preview":"max-image-preview:large","max-video-preview":"max-video-preview:-1"},"canonical":"https:\/\/fidelitytransfert.com\/en\/book-a-private-driver-in-cannes\/","og_locale":"en_US","og_type":"article","og_title":"R\u00e9server Chauffeur Priv\u00e9 VTC Cannes 24h\/7j | Fidelity Transfert","og_description":"R\u00e9servation chauffeur priv\u00e9 VTC \u00e0 Cannes - Module de r\u00e9servation de votre VTC en ligne disponible 24h\/7j. Toute Destination, A\u00e9roport, Gares, Navette, etc.","og_url":"https:\/\/fidelitytransfert.com\/en\/book-a-private-driver-in-cannes\/","og_site_name":"VTC Cannes: Fidelity Transfert VTC Cannes","article_modified_time":"2025-03-10T07:45:31+00:00","og_image":[{"width":360,"height":567,"url":"https:\/\/fidelitytransfert.com\/wp-content\/uploads\/2019\/05\/R\u00e9server-Chauffeur-sur-Cannes.jpg","type":"image\/jpeg"}],"twitter_card":"summary_large_image","twitter_misc":{"Est. reading time":"3 minutes"},"schema":{"@context":"https:\/\/schema.org","@graph":[{"@type":"WebPage","@id":"https:\/\/fidelitytransfert.com\/reserver-chauffeur-vtc-cannes\/","url":"https:\/\/fidelitytransfert.com\/reserver-chauffeur-vtc-cannes\/","name":"Book a private driver in Cannes 24\/7 | Fidelity Transfer","isPartOf":{"@id":"https:\/\/fidelitytransfert.com\/#website"},"primaryImageOfPage":{"@id":"https:\/\/fidelitytransfert.com\/reserver-chauffeur-vtc-cannes\/#primaryimage"},"image":{"@id":"https:\/\/fidelitytransfert.com\/reserver-chauffeur-vtc-cannes\/#primaryimage"},"thumbnailUrl":"https:\/\/fidelitytransfert.com\/wp-content\/uploads\/2019\/05\/R\u00e9server-Chauffeur-sur-Cannes.jpg","datePublished":"2017-05-04T15:50:54+00:00","dateModified":"2025-03-10T07:45:31+00:00","description":"Private chauffeur service in Cannes - Online booking available 24\/7. All destinations, airports, train stations, shuttles, etc.","breadcrumb":{"@id":"https:\/\/fidelitytransfert.com\/reserver-chauffeur-vtc-cannes\/#breadcrumb"},"inLanguage":"en-US","potentialAction":[{"@type":"ReadAction","target":["https:\/\/fidelitytransfert.com\/reserver-chauffeur-vtc-cannes\/"]}]},{"@type":"ImageObject","inLanguage":"en-US","@id":"https:\/\/fidelitytransfert.com\/reserver-chauffeur-vtc-cannes\/#primaryimage","url":"https:\/\/fidelitytransfert.com\/wp-content\/uploads\/2019\/05\/R\u00e9server-Chauffeur-sur-Cannes.jpg","contentUrl":"https:\/\/fidelitytransfert.com\/wp-content\/uploads\/2019\/05\/R\u00e9server-Chauffeur-sur-Cannes.jpg","width":360,"height":567,"caption":"Commander commander un chauffeur en ligne dans les Alpes-Maritimes"},{"@type":"BreadcrumbList","@id":"https:\/\/fidelitytransfert.com\/reserver-chauffeur-vtc-cannes\/#breadcrumb","itemListElement":[{"@type":"ListItem","position":1,"name":"Accueil","item":"https:\/\/fidelitytransfert.com\/"},{"@type":"ListItem","position":2,"name":"R\u00e9servation"}]},{"@type":"WebSite","@id":"https:\/\/fidelitytransfert.com\/#website","url":"https:\/\/fidelitytransfert.com\/","name":"Fidelity Transfer VTC Cannes","description":"Book a private chauffeur service in Cannes and on the French Riviera","potentialAction":[{"@type":"SearchAction","target":{"@type":"EntryPoint","urlTemplate":"https:\/\/fidelitytransfert.com\/?s={search_term_string}"},"query-input":{"@type":"PropertyValueSpecification","valueRequired":true,"valueName":"search_term_string"}}],"inLanguage":"en-US"}]}},"_links":{"self":[{"href":"https:\/\/fidelitytransfert.com\/en\/wp-json\/wp\/v2\/pages\/31","targetHints":{"allow":["GET"]}}],"collection":[{"href":"https:\/\/fidelitytransfert.com\/en\/wp-json\/wp\/v2\/pages"}],"about":[{"href":"https:\/\/fidelitytransfert.com\/en\/wp-json\/wp\/v2\/types\/page"}],"author":[{"embeddable":true,"href":"https:\/\/fidelitytransfert.com\/en\/wp-json\/wp\/v2\/users\/2"}],"replies":[{"embeddable":true,"href":"https:\/\/fidelitytransfert.com\/en\/wp-json\/wp\/v2\/comments?post=31"}],"version-history":[{"count":0,"href":"https:\/\/fidelitytransfert.com\/en\/wp-json\/wp\/v2\/pages\/31\/revisions"}],"wp:featuredmedia":[{"embeddable":true,"href":"https:\/\/fidelitytransfert.com\/en\/wp-json\/wp\/v2\/media\/2445"}],"wp:attachment":[{"href":"https:\/\/fidelitytransfert.com\/en\/wp-json\/wp\/v2\/media?parent=31"}],"curies":[{"name":"wp","href":"https:\/\/api.w.org\/{rel}","templated":true}]}}