{"id":29,"date":"2017-05-04T15:50:38","date_gmt":"2017-05-04T13:50:38","guid":{"rendered":"https:\/\/fidelitytransfert.com\/?page_id=29"},"modified":"2025-03-10T07:41:57","modified_gmt":"2025-03-10T07:41:57","slug":"contact-private-driver-vtc-cannes","status":"publish","type":"page","link":"https:\/\/fidelitytransfert.com\/en\/contact-chauffeur-prive-vtc-cannes\/","title":{"rendered":"Contact"},"content":{"rendered":"\t\t<div data-elementor-type=\"wp-page\" data-elementor-id=\"29\" class=\"elementor elementor-29\" data-elementor-post-type=\"page\">\n\t\t\t\t\t\t<section class=\"elementor-section elementor-top-section elementor-element elementor-element-635155f1 elementor-section-boxed elementor-section-height-default elementor-section-height-default\" data-id=\"635155f1\" data-element_type=\"section\" data-e-type=\"section\">\n\t\t\t\t\t\t<div class=\"elementor-container elementor-column-gap-default\">\n\t\t\t\t\t<div class=\"elementor-column elementor-col-100 elementor-top-column elementor-element elementor-element-5a05af32\" data-id=\"5a05af32\" data-element_type=\"column\" data-e-type=\"column\">\n\t\t\t<div class=\"elementor-widget-wrap elementor-element-populated\">\n\t\t\t\t\t\t<div class=\"elementor-element elementor-element-2af89ba3 elementor-widget elementor-widget-heading\" data-id=\"2af89ba3\" data-element_type=\"widget\" data-e-type=\"widget\" data-widget_type=\"heading.default\">\n\t\t\t\t<div class=\"elementor-widget-container\">\n\t\t\t\t\t<h1 class=\"elementor-heading-title elementor-size-default\">Contact VTC Cannes<\/h1>\t\t\t\t<\/div>\n\t\t\t\t<\/div>\n\t\t\t\t<div class=\"elementor-element elementor-element-2377f49c elementor-widget elementor-widget-heading\" data-id=\"2377f49c\" data-element_type=\"widget\" data-e-type=\"widget\" data-widget_type=\"heading.default\">\n\t\t\t\t<div class=\"elementor-widget-container\">\n\t\t\t\t\t<h2 class=\"elementor-heading-title elementor-size-default\">Vous voulez nous envoyer un message ? N'h\u00e9sitez pas \u00e0 nous contacter via le formulaire de contact ci-dessous.<\/h2>\t\t\t\t<\/div>\n\t\t\t\t<\/div>\n\t\t\t\t<div class=\"elementor-element elementor-element-2f5771e8 elementor-widget elementor-widget-spacer\" data-id=\"2f5771e8\" data-element_type=\"widget\" data-e-type=\"widget\" data-widget_type=\"spacer.default\">\n\t\t\t\t<div class=\"elementor-widget-container\">\n\t\t\t\t\t\t\t<div class=\"elementor-spacer\">\n\t\t\t<div class=\"elementor-spacer-inner\"><\/div>\n\t\t<\/div>\n\t\t\t\t\t\t<\/div>\n\t\t\t\t<\/div>\n\t\t<div class=\"elementor-element elementor-element-73a4db2 e-flex e-con-boxed e-con e-parent\" data-id=\"73a4db2\" data-element_type=\"container\" data-e-type=\"container\">\n\t\t\t\t\t<div class=\"e-con-inner\">\n\t\t\t\t<div class=\"elementor-element elementor-element-200d77d6 elementor-button-align-start elementor-widget elementor-widget-form\" data-id=\"200d77d6\" data-element_type=\"widget\" data-e-type=\"widget\" data-settings=\"{&quot;step_next_label&quot;:&quot;Suivant&quot;,&quot;step_previous_label&quot;:&quot;Pr\\u00e9c\\u00e9dent&quot;,&quot;button_width&quot;:&quot;100&quot;,&quot;step_type&quot;:&quot;number_text&quot;,&quot;step_icon_shape&quot;:&quot;circle&quot;}\" data-widget_type=\"form.default\">\n\t\t\t\t<div class=\"elementor-widget-container\">\n\t\t\t\t\t\t\t<form class=\"elementor-form\" method=\"post\" name=\"formulaire\" aria-label=\"formulaire\">\n\t\t\t<input type=\"hidden\" name=\"post_id\" value=\"29\"\/>\n\t\t\t<input type=\"hidden\" name=\"form_id\" value=\"200d77d6\"\/>\n\t\t\t<input type=\"hidden\" name=\"referer_title\" value=\"Contact VTC Cannes - Chauffeur Priv\u00e9 distance 24h\/7j | Fidelity Transport\" \/>\n\n\t\t\t\t\t\t\t<input type=\"hidden\" name=\"queried_id\" value=\"29\"\/>\n\t\t\t\n\t\t\t<div class=\"elementor-form-fields-wrapper elementor-labels-above\">\n\t\t\t\t\t\t\t\t<div class=\"elementor-field-type-text elementor-field-group elementor-column elementor-field-group-name elementor-col-50 elementor-field-required elementor-mark-required\">\n\t\t\t\t\t\t\t\t\t\t\t\t<label for=\"form-field-name\" class=\"elementor-field-label\">\n\t\t\t\t\t\t\t\tNom\t\t\t\t\t\t\t<\/label>\n\t\t\t\t\t\t\t\t\t\t\t\t\t\t<input size=\"1\" type=\"text\" name=\"form_fields[name]\" id=\"form-field-name\" class=\"elementor-field elementor-size-sm  elementor-field-textual\" placeholder=\"Nom\" required=\"required\">\n\t\t\t\t\t\t\t\t\t\t\t<\/div>\n\t\t\t\t\t\t\t\t<div class=\"elementor-field-type-text elementor-field-group elementor-column elementor-field-group-field_de51b6d elementor-col-50 elementor-field-required elementor-mark-required\">\n\t\t\t\t\t\t\t\t\t\t\t\t<label for=\"form-field-field_de51b6d\" class=\"elementor-field-label\">\n\t\t\t\t\t\t\t\tPr\u00e9nom\t\t\t\t\t\t\t<\/label>\n\t\t\t\t\t\t\t\t\t\t\t\t\t\t<input size=\"1\" type=\"text\" name=\"form_fields[field_de51b6d]\" id=\"form-field-field_de51b6d\" class=\"elementor-field elementor-size-sm  elementor-field-textual\" placeholder=\"Pr\u00e9nom\" required=\"required\">\n\t\t\t\t\t\t\t\t\t\t\t<\/div>\n\t\t\t\t\t\t\t\t<div class=\"elementor-field-type-tel elementor-field-group elementor-column elementor-field-group-email elementor-col-100 elementor-field-required elementor-mark-required\">\n\t\t\t\t\t\t\t\t\t\t\t\t<label for=\"form-field-email\" class=\"elementor-field-label\">\n\t\t\t\t\t\t\t\tT\u00e9l\u00e9phone\t\t\t\t\t\t\t<\/label>\n\t\t\t\t\t\t\t\t<input size=\"1\" type=\"tel\" name=\"form_fields[email]\" id=\"form-field-email\" class=\"elementor-field elementor-size-sm  elementor-field-textual\" placeholder=\"T\u00e9l\u00e9phone\" required=\"required\" pattern=\"[0-9()#&amp;+*-=.]+\" title=\"Seuls les caract\u00e8res de num\u00e9ros de t\u00e9l\u00e9phone (#, -, *, etc.) sont accept\u00e9s.\">\n\n\t\t\t\t\t\t<\/div>\n\t\t\t\t\t\t\t\t<div class=\"elementor-field-type-email elementor-field-group elementor-column elementor-field-group-field_dd9496e elementor-col-100 elementor-field-required elementor-mark-required\">\n\t\t\t\t\t\t\t\t\t\t\t\t<label for=\"form-field-field_dd9496e\" class=\"elementor-field-label\">\n\t\t\t\t\t\t\t\tE-mail\t\t\t\t\t\t\t<\/label>\n\t\t\t\t\t\t\t\t\t\t\t\t\t\t<input size=\"1\" type=\"email\" name=\"form_fields[field_dd9496e]\" id=\"form-field-field_dd9496e\" class=\"elementor-field elementor-size-sm  elementor-field-textual\" placeholder=\"E-mail\" required=\"required\">\n\t\t\t\t\t\t\t\t\t\t\t<\/div>\n\t\t\t\t\t\t\t\t<div class=\"elementor-field-type-textarea elementor-field-group elementor-column elementor-field-group-message elementor-col-100 elementor-field-required elementor-mark-required\">\n\t\t\t\t\t\t\t\t\t\t\t\t<label for=\"form-field-message\" class=\"elementor-field-label\">\n\t\t\t\t\t\t\t\tVotre demande\t\t\t\t\t\t\t<\/label>\n\t\t\t\t\t\t<textarea class=\"elementor-field-textual elementor-field  elementor-size-sm\" name=\"form_fields[message]\" id=\"form-field-message\" rows=\"4\" placeholder=\"Merci de pr\u00e9ciser en quelques mots votre demande.\" required=\"required\"><\/textarea>\t\t\t\t<\/div>\n\t\t\t\t\t\t\t\t<div class=\"elementor-field-type-acceptance elementor-field-group elementor-column elementor-field-group-field_c93899d elementor-col-100 elementor-field-required elementor-mark-required\">\n\t\t\t\t\t\t\t\t\t\t\t\t<label for=\"form-field-field_c93899d\" class=\"elementor-field-label\">\n\t\t\t\t\t\t\t\tTransmission des donn\u00e9es\t\t\t\t\t\t\t<\/label>\n\t\t\t\t\t\t\t\t<div class=\"elementor-field-subgroup\">\n\t\t\t<span class=\"elementor-field-option\">\n\t\t\t\t<input type=\"checkbox\" name=\"form_fields[field_c93899d]\" id=\"form-field-field_c93899d\" class=\"elementor-field elementor-size-sm  elementor-acceptance-field\" required=\"required\">\n\t\t\t\t<label for=\"form-field-field_c93899d\">En cochant cette case, vous acceptez que vos donn\u00e9es fournies soient utilis\u00e9es pour le traitement de votre demande.<\/label>\t\t\t<\/span>\n\t\t<\/div>\n\t\t\t\t\t\t<\/div>\n\t\t\t\t\t\t\t\t<div class=\"elementor-field-type-recaptcha_v3 elementor-field-group elementor-column elementor-field-group-field_f20275f elementor-col-100 recaptcha_v3-inline\">\n\t\t\t\t\t<div class=\"elementor-field\" id=\"form-field-field_f20275f\"><div class=\"elementor-g-recaptcha\" data-sitekey=\"6LftzJ8aAAAAAErCVCcpuDc0o14zCiISpXupwZVJ\" data-type=\"v3\" data-action=\"Form\" data-badge=\"inline\" data-size=\"invisible\"><\/div><\/div>\t\t\t\t<\/div>\n\t\t\t\t\t\t\t\t<div class=\"elementor-field-group elementor-column elementor-field-type-submit elementor-col-100 e-form__buttons\">\n\t\t\t\t\t<button class=\"elementor-button elementor-size-sm\" type=\"submit\">\n\t\t\t\t\t\t<span class=\"elementor-button-content-wrapper\">\n\t\t\t\t\t\t\t\t\t\t\t\t\t\t\t\t\t\t\t\t\t\t<span class=\"elementor-button-text\">Envoyer<\/span>\n\t\t\t\t\t\t\t\t\t\t\t\t\t<\/span>\n\t\t\t\t\t<\/button>\n\t\t\t\t<\/div>\n\t\t\t<\/div>\n\t\t<\/form>\n\t\t\t\t\t\t<\/div>\n\t\t\t\t<\/div>\n\t\t\t\t\t<\/div>\n\t\t\t\t<\/div>\n\t\t<div class=\"elementor-element elementor-element-7ab95cc3 e-con-full e-flex e-con e-parent\" data-id=\"7ab95cc3\" data-element_type=\"container\" data-e-type=\"container\">\n\t\t<div class=\"elementor-element elementor-element-73494ef1 e-flex e-con-boxed e-con e-child\" data-id=\"73494ef1\" data-element_type=\"container\" data-e-type=\"container\" data-settings=\"{&quot;background_background&quot;:&quot;classic&quot;}\">\n\t\t\t\t\t<div class=\"e-con-inner\">\n\t\t\t\t<div class=\"elementor-element elementor-element-5ff71457 elementor-widget elementor-widget-heading\" data-id=\"5ff71457\" data-element_type=\"widget\" data-e-type=\"widget\" data-widget_type=\"heading.default\">\n\t\t\t\t<div class=\"elementor-widget-container\">\n\t\t\t\t\t<h3 class=\"elementor-heading-title elementor-size-default\">Prendre contact avec votre chauffeur priv\u00e9 VTC \u00e0 Cannes\n<\/h3>\t\t\t\t<\/div>\n\t\t\t\t<\/div>\n\t\t<div class=\"elementor-element elementor-element-74655625 e-flex e-con-boxed e-con e-child\" data-id=\"74655625\" data-element_type=\"container\" data-e-type=\"container\">\n\t\t\t\t\t<div class=\"e-con-inner\">\n\t\t<div class=\"elementor-element elementor-element-1ea812e2 e-con-full e-flex e-con e-child\" data-id=\"1ea812e2\" data-element_type=\"container\" data-e-type=\"container\">\n\t\t\t\t<div class=\"elementor-element elementor-element-22bf8e80 elementor-widget elementor-widget-text-editor\" data-id=\"22bf8e80\" data-element_type=\"widget\" data-e-type=\"widget\" data-widget_type=\"text-editor.default\">\n\t\t\t\t<div class=\"elementor-widget-container\">\n\t\t\t\t\t\t\t\t\t<p>En prenant<strong>\u00a0contact avec un\u00a0<a href=\"https:\/\/fidelitytransfert.com\/\">chauffeur VTC \u00e0 Cannes<\/a><\/strong>\u00a0vous \u00eates assur\u00e9 d\u2019\u00eatre conduit par un professionnel des transports avec ce genre de v\u00e9hicule. Notre si\u00e8ge est situ\u00e9 \u00e0\u00a0<strong>Cannes<\/strong>, mais nous intervenons \u00e9galement dans toute les communes alentours et villes de la c\u00f4te d\u2019azur, ainsi que dans toute la r\u00e9gion PACA sur demande. En somme, nous vous proposons des services cibl\u00e9s qui r\u00e9pondent \u00e0 vos exigences sur simple contact.<\/p>\t\t\t\t\t\t\t\t<\/div>\n\t\t\t\t<\/div>\n\t\t\t\t<div class=\"elementor-element elementor-element-95e1b23 elementor-widget elementor-widget-heading\" data-id=\"95e1b23\" data-element_type=\"widget\" data-e-type=\"widget\" data-widget_type=\"heading.default\">\n\t\t\t\t<div class=\"elementor-widget-container\">\n\t\t\t\t\t<h4 class=\"elementor-heading-title elementor-size-default\">Tous vos services sur Cannes\n<\/h4>\t\t\t\t<\/div>\n\t\t\t\t<\/div>\n\t\t\t\t<div class=\"elementor-element elementor-element-7e235739 elementor-widget elementor-widget-text-editor\" data-id=\"7e235739\" data-element_type=\"widget\" data-e-type=\"widget\" data-widget_type=\"text-editor.default\">\n\t\t\t\t<div class=\"elementor-widget-container\">\n\t\t\t\t\t\t\t\t\t<p>Ainsi, vous n\u2019avez aucun stress \u00e0 avoir. Nous faisons le maximum pour satisfaire vos demandes. Nous vous proposons un large\u00a0<a href=\"https:\/\/fidelitytransfert.com\/#service-transport-vtc-cannes\"><strong>\u00e9ventail de services de transport<\/strong><\/a>\u00a0qui ont pour but de r\u00e9pondre \u00e0 vos besoins. Premi\u00e8rement nous effectuons des transferts pour relier les diff\u00e9rentes gares de la r\u00e9gion\u00a0<strong>Provence Alpes C\u00f4te- D\u2019azur<\/strong>. Ainsi, vous serez assur\u00e9 de ne jamais louper vos trains, surtout si vous avez une correspondance entre deux trains, ou \u00e0 la descente de votre avion. Car les horaires ne correspondent pas toujours \u00e0 ceux des transports en communs. Avec nos\u00a0<strong>chauffeurs<\/strong>, plus de probl\u00e8mes de ce point de vue-l\u00e0.<\/p>\t\t\t\t\t\t\t\t<\/div>\n\t\t\t\t<\/div>\n\t\t\t\t<div class=\"elementor-element elementor-element-2d34e6b9 elementor-widget elementor-widget-heading\" data-id=\"2d34e6b9\" data-element_type=\"widget\" data-e-type=\"widget\" data-widget_type=\"heading.default\">\n\t\t\t\t<div class=\"elementor-widget-container\">\n\t\t\t\t\t<h3 class=\"elementor-heading-title elementor-size-default\">Toutes nos dessertes\n<\/h3>\t\t\t\t<\/div>\n\t\t\t\t<\/div>\n\t\t\t\t<div class=\"elementor-element elementor-element-454de7ab elementor-widget elementor-widget-text-editor\" data-id=\"454de7ab\" data-element_type=\"widget\" data-e-type=\"widget\" data-widget_type=\"text-editor.default\">\n\t\t\t\t<div class=\"elementor-widget-container\">\n\t\t\t\t\t\t\t\t\t<p>Nous desservons notamment les villes de\u00a0<strong>Nice<\/strong>,\u00a0<strong>Marseille<\/strong>,\u00a0<strong>Avignon<\/strong>,\u00a0<strong>Aix-en-Provence<\/strong>. Nous avons \u00e9galement la possibilit\u00e9 de desservir des villes comme\u00a0<strong>Le Cannet<\/strong>,\u00a0<strong>Mougins<\/strong>,\u00a0<strong>La roquette sur Siagne<\/strong>.\u00a0 Par ailleurs, une visite familiale pr\u00e9vue \u00e0\u00a0<strong>Mandelieu<\/strong>,\u00a0<strong>La Napoule<\/strong>\u00a0ou\u00a0<strong>Vallauris<\/strong>\u00a0? Ainsi, nous vous prenons en charge jusqu\u2019 \u00e0 la commune souhait\u00e9e et nous vous ram\u00e8nerons au retour\u00a0\u00a0 \u00e0 votre domicile.<\/p><p>Nous avons \u00e9galement un service pour les\u00a0<a href=\"https:\/\/fidelitytransfert.com\/#transfer-aeroport-depuis-cannes-en-vtc\"><strong>transferts avec les a\u00e9roports de Nice et Cannes-Mandelieu<\/strong><\/a>\u00a0ainsi que l\u2019a\u00e9roport de Nice. Nous avons \u00e9galement mis en place un service business pour les entreprises.<\/p>\t\t\t\t\t\t\t\t<\/div>\n\t\t\t\t<\/div>\n\t\t\t\t<div class=\"elementor-element elementor-element-16365354 elementor-widget elementor-widget-heading\" data-id=\"16365354\" data-element_type=\"widget\" data-e-type=\"widget\" data-widget_type=\"heading.default\">\n\t\t\t\t<div class=\"elementor-widget-container\">\n\t\t\t\t\t<h4 class=\"elementor-heading-title elementor-size-default\">Contacter ou r\u00e9server en ligne\n<\/h4>\t\t\t\t<\/div>\n\t\t\t\t<\/div>\n\t\t\t\t<div class=\"elementor-element elementor-element-6167fa18 elementor-widget elementor-widget-text-editor\" data-id=\"6167fa18\" data-element_type=\"widget\" data-e-type=\"widget\" data-widget_type=\"text-editor.default\">\n\t\t\t\t<div class=\"elementor-widget-container\">\n\t\t\t\t\t\t\t\t\t<p>C\u2019est avec une joie non dissimul\u00e9e que nous vous transporterons et mettrons \u00e0 votre disposition\u00a0\u00a0 tout notre savoir-faire,\u00a0 traduit par notre sens de l\u2019accueil et du service. alors, n\u2019h\u00e9sitez pas \u00e0 nous contacter. Vous pouvez \u00e9galement\u00a0<a href=\"https:\/\/fidelitytransfert.com\/reserver-chauffeur-vtc-cannes\/\"><strong>r\u00e9server votre VTC en ligne via notre module de r\u00e9servation<\/strong><\/a>.<\/p>\t\t\t\t\t\t\t\t<\/div>\n\t\t\t\t<\/div>\n\t\t\t\t<div class=\"elementor-element elementor-element-69954748 elementor-widget__width-auto elementor-widget elementor-widget-button\" data-id=\"69954748\" data-element_type=\"widget\" data-e-type=\"widget\" data-widget_type=\"button.default\">\n\t\t\t\t<div class=\"elementor-widget-container\">\n\t\t\t\t\t\t\t\t\t<div class=\"elementor-button-wrapper\">\n\t\t\t\t\t<a class=\"elementor-button elementor-button-link elementor-size-sm\" href=\"tel:+33760580839\">\n\t\t\t\t\t\t<span class=\"elementor-button-content-wrapper\">\n\t\t\t\t\t\t\t\t\t<span class=\"elementor-button-text\">07 60 58 08 39<\/span>\n\t\t\t\t\t<\/span>\n\t\t\t\t\t<\/a>\n\t\t\t\t<\/div>\n\t\t\t\t\t\t\t\t<\/div>\n\t\t\t\t<\/div>\n\t\t\t\t<div class=\"elementor-element elementor-element-21a80ef5 elementor-widget__width-auto elementor-widget elementor-widget-button\" data-id=\"21a80ef5\" data-element_type=\"widget\" data-e-type=\"widget\" data-widget_type=\"button.default\">\n\t\t\t\t<div class=\"elementor-widget-container\">\n\t\t\t\t\t\t\t\t\t<div class=\"elementor-button-wrapper\">\n\t\t\t\t\t<a class=\"elementor-button elementor-button-link elementor-size-sm\" href=\"tel:+33665177014\">\n\t\t\t\t\t\t<span class=\"elementor-button-content-wrapper\">\n\t\t\t\t\t\t\t\t\t<span class=\"elementor-button-text\">06 65 17 70 14<\/span>\n\t\t\t\t\t<\/span>\n\t\t\t\t\t<\/a>\n\t\t\t\t<\/div>\n\t\t\t\t\t\t\t\t<\/div>\n\t\t\t\t<\/div>\n\t\t\t\t<\/div>\n\t\t\t\t\t<\/div>\n\t\t\t\t<\/div>\n\t\t\t\t\t<\/div>\n\t\t\t\t<\/div>\n\t\t\t\t<\/div>\n\t\t\t\t\t<\/div>\n\t\t<\/div>\n\t\t\t\t\t<\/div>\n\t\t<\/section>\n\t\t\t\t<\/div>\n\t\t","protected":false},"excerpt":{"rendered":"<p>Contact VTC Cannes Vous voulez nous envoyer un message ? N&rsquo;h\u00e9sitez pas \u00e0 nous contacter via le formulaire de contact ci-dessous. Prendre contact avec votre chauffeur priv\u00e9 VTC \u00e0 Cannes En prenant\u00a0contact avec un\u00a0chauffeur VTC \u00e0 Cannes\u00a0vous \u00eates assur\u00e9 d\u2019\u00eatre conduit par un professionnel des transports avec ce genre de v\u00e9hicule. Notre si\u00e8ge est situ\u00e9 [&hellip;]<\/p>\n","protected":false},"author":2,"featured_media":3144,"parent":0,"menu_order":0,"comment_status":"closed","ping_status":"closed","template":"","meta":{"footnotes":""},"class_list":["post-29","page","type-page","status-publish","has-post-thumbnail","hentry"],"yoast_head":"<!-- This site is optimized with the Yoast SEO plugin v27.2 - https:\/\/yoast.com\/product\/yoast-seo-wordpress\/ -->\n<title>Contact VTC Cannes - Chauffeur Priv\u00e9 distance 24h\/7j | Fidelity Transport<\/title>\n<meta name=\"description\" content=\"Contact VTC \u00e0 Cannes | 07 60 58 08 39 | 06 65 17 70 14 | R\u00e9servation en ligne, tarif VTC \u00e0 Cannes fixe, Chauffeur Priv\u00e9 disponible 24h\/7j.\" \/>\n<meta name=\"robots\" content=\"index, follow, max-snippet:-1, max-image-preview:large, max-video-preview:-1\" \/>\n<link rel=\"canonical\" href=\"https:\/\/fidelitytransfert.com\/en\/contact-private-driver-vtc-cannes\/\" \/>\n<meta property=\"og:locale\" content=\"en_US\" \/>\n<meta property=\"og:type\" content=\"article\" \/>\n<meta property=\"og:title\" content=\"Contact VTC Cannes - Chauffeur Priv\u00e9 distance 24h\/7j | Fidelity Transport\" \/>\n<meta property=\"og:description\" content=\"Contact VTC \u00e0 Cannes | 07 60 58 08 39 | 06 65 17 70 14 | R\u00e9servation en ligne, tarif VTC \u00e0 Cannes fixe, Chauffeur Priv\u00e9 disponible 24h\/7j.\" \/>\n<meta property=\"og:url\" content=\"https:\/\/fidelitytransfert.com\/en\/contact-private-driver-vtc-cannes\/\" \/>\n<meta property=\"og:site_name\" content=\"VTC Cannes: Fidelity Transfert VTC Cannes\" \/>\n<meta property=\"article:modified_time\" content=\"2025-03-10T07:41:57+00:00\" \/>\n<meta property=\"og:image\" content=\"https:\/\/fidelitytransfert.com\/wp-content\/uploads\/2025\/03\/contacter-chauffeur-cannes.webp\" \/>\n\t<meta property=\"og:image:width\" content=\"555\" \/>\n\t<meta property=\"og:image:height\" content=\"370\" \/>\n\t<meta property=\"og:image:type\" content=\"image\/webp\" \/>\n<meta name=\"twitter:card\" content=\"summary_large_image\" \/>\n<meta name=\"twitter:label1\" content=\"Est. reading time\" \/>\n\t<meta name=\"twitter:data1\" content=\"3 minutes\" \/>\n<script type=\"application\/ld+json\" class=\"yoast-schema-graph\">{\"@context\":\"https:\/\/schema.org\",\"@graph\":[{\"@type\":\"WebPage\",\"@id\":\"https:\/\/fidelitytransfert.com\/contact-chauffeur-prive-vtc-cannes\/\",\"url\":\"https:\/\/fidelitytransfert.com\/contact-chauffeur-prive-vtc-cannes\/\",\"name\":\"Contact VTC Cannes - Chauffeur Priv\u00e9 distance 24h\/7j | Fidelity Transport\",\"isPartOf\":{\"@id\":\"https:\/\/fidelitytransfert.com\/#website\"},\"primaryImageOfPage\":{\"@id\":\"https:\/\/fidelitytransfert.com\/contact-chauffeur-prive-vtc-cannes\/#primaryimage\"},\"image\":{\"@id\":\"https:\/\/fidelitytransfert.com\/contact-chauffeur-prive-vtc-cannes\/#primaryimage\"},\"thumbnailUrl\":\"https:\/\/fidelitytransfert.com\/wp-content\/uploads\/2025\/03\/contacter-chauffeur-cannes.webp\",\"datePublished\":\"2017-05-04T13:50:38+00:00\",\"dateModified\":\"2025-03-10T07:41:57+00:00\",\"description\":\"Contact VTC \u00e0 Cannes | 07 60 58 08 39 | 06 65 17 70 14 | R\u00e9servation en ligne, tarif VTC \u00e0 Cannes fixe, Chauffeur Priv\u00e9 disponible 24h\/7j.\",\"breadcrumb\":{\"@id\":\"https:\/\/fidelitytransfert.com\/contact-chauffeur-prive-vtc-cannes\/#breadcrumb\"},\"inLanguage\":\"en-US\",\"potentialAction\":[{\"@type\":\"ReadAction\",\"target\":[\"https:\/\/fidelitytransfert.com\/contact-chauffeur-prive-vtc-cannes\/\"]}]},{\"@type\":\"ImageObject\",\"inLanguage\":\"en-US\",\"@id\":\"https:\/\/fidelitytransfert.com\/contact-chauffeur-prive-vtc-cannes\/#primaryimage\",\"url\":\"https:\/\/fidelitytransfert.com\/wp-content\/uploads\/2025\/03\/contacter-chauffeur-cannes.webp\",\"contentUrl\":\"https:\/\/fidelitytransfert.com\/wp-content\/uploads\/2025\/03\/contacter-chauffeur-cannes.webp\",\"width\":555,\"height\":370,\"caption\":\"contacter chauffeur cannes\"},{\"@type\":\"BreadcrumbList\",\"@id\":\"https:\/\/fidelitytransfert.com\/contact-chauffeur-prive-vtc-cannes\/#breadcrumb\",\"itemListElement\":[{\"@type\":\"ListItem\",\"position\":1,\"name\":\"Accueil\",\"item\":\"https:\/\/fidelitytransfert.com\/\"},{\"@type\":\"ListItem\",\"position\":2,\"name\":\"Contact\"}]},{\"@type\":\"WebSite\",\"@id\":\"https:\/\/fidelitytransfert.com\/#website\",\"url\":\"https:\/\/fidelitytransfert.com\/\",\"name\":\"VTC Cannes Fidelity Transfert\",\"description\":\"R\u00e9server Chauffeur Priv\u00e9 VTC \u00e0 Cannes et sur la C\u00f4te d&#039;Azur\",\"potentialAction\":[{\"@type\":\"SearchAction\",\"target\":{\"@type\":\"EntryPoint\",\"urlTemplate\":\"https:\/\/fidelitytransfert.com\/?s={search_term_string}\"},\"query-input\":{\"@type\":\"PropertyValueSpecification\",\"valueRequired\":true,\"valueName\":\"search_term_string\"}}],\"inLanguage\":\"en-US\"}]}<\/script>\n<!-- \/ Yoast SEO plugin. -->","yoast_head_json":{"title":"Contact VTC Cannes - Private Driver 24\/7 | Fidelity Transport","description":"Contact VTC in Cannes | 07 60 58 08 39 | 06 65 17 70 14 | Online booking, fixed VTC fare in Cannes, Private driver available 24\/7.","robots":{"index":"index","follow":"follow","max-snippet":"max-snippet:-1","max-image-preview":"max-image-preview:large","max-video-preview":"max-video-preview:-1"},"canonical":"https:\/\/fidelitytransfert.com\/en\/contact-private-driver-vtc-cannes\/","og_locale":"en_US","og_type":"article","og_title":"Contact VTC Cannes - Chauffeur Priv\u00e9 distance 24h\/7j | Fidelity Transport","og_description":"Contact VTC \u00e0 Cannes | 07 60 58 08 39 | 06 65 17 70 14 | R\u00e9servation en ligne, tarif VTC \u00e0 Cannes fixe, Chauffeur Priv\u00e9 disponible 24h\/7j.","og_url":"https:\/\/fidelitytransfert.com\/en\/contact-private-driver-vtc-cannes\/","og_site_name":"VTC Cannes: Fidelity Transfert VTC Cannes","article_modified_time":"2025-03-10T07:41:57+00:00","og_image":[{"width":555,"height":370,"url":"https:\/\/fidelitytransfert.com\/wp-content\/uploads\/2025\/03\/contacter-chauffeur-cannes.webp","type":"image\/webp"}],"twitter_card":"summary_large_image","twitter_misc":{"Est. reading time":"3 minutes"},"schema":{"@context":"https:\/\/schema.org","@graph":[{"@type":"WebPage","@id":"https:\/\/fidelitytransfert.com\/contact-chauffeur-prive-vtc-cannes\/","url":"https:\/\/fidelitytransfert.com\/contact-chauffeur-prive-vtc-cannes\/","name":"Contact VTC Cannes - Private Driver 24\/7 | Fidelity Transport","isPartOf":{"@id":"https:\/\/fidelitytransfert.com\/#website"},"primaryImageOfPage":{"@id":"https:\/\/fidelitytransfert.com\/contact-chauffeur-prive-vtc-cannes\/#primaryimage"},"image":{"@id":"https:\/\/fidelitytransfert.com\/contact-chauffeur-prive-vtc-cannes\/#primaryimage"},"thumbnailUrl":"https:\/\/fidelitytransfert.com\/wp-content\/uploads\/2025\/03\/contacter-chauffeur-cannes.webp","datePublished":"2017-05-04T13:50:38+00:00","dateModified":"2025-03-10T07:41:57+00:00","description":"Contact VTC in Cannes | 07 60 58 08 39 | 06 65 17 70 14 | Online booking, fixed VTC fare in Cannes, Private driver available 24\/7.","breadcrumb":{"@id":"https:\/\/fidelitytransfert.com\/contact-chauffeur-prive-vtc-cannes\/#breadcrumb"},"inLanguage":"en-US","potentialAction":[{"@type":"ReadAction","target":["https:\/\/fidelitytransfert.com\/contact-chauffeur-prive-vtc-cannes\/"]}]},{"@type":"ImageObject","inLanguage":"en-US","@id":"https:\/\/fidelitytransfert.com\/contact-chauffeur-prive-vtc-cannes\/#primaryimage","url":"https:\/\/fidelitytransfert.com\/wp-content\/uploads\/2025\/03\/contacter-chauffeur-cannes.webp","contentUrl":"https:\/\/fidelitytransfert.com\/wp-content\/uploads\/2025\/03\/contacter-chauffeur-cannes.webp","width":555,"height":370,"caption":"contacter chauffeur cannes"},{"@type":"BreadcrumbList","@id":"https:\/\/fidelitytransfert.com\/contact-chauffeur-prive-vtc-cannes\/#breadcrumb","itemListElement":[{"@type":"ListItem","position":1,"name":"Accueil","item":"https:\/\/fidelitytransfert.com\/"},{"@type":"ListItem","position":2,"name":"Contact"}]},{"@type":"WebSite","@id":"https:\/\/fidelitytransfert.com\/#website","url":"https:\/\/fidelitytransfert.com\/","name":"Fidelity Transfer VTC Cannes","description":"Book a private chauffeur service in Cannes and on the French Riviera","potentialAction":[{"@type":"SearchAction","target":{"@type":"EntryPoint","urlTemplate":"https:\/\/fidelitytransfert.com\/?s={search_term_string}"},"query-input":{"@type":"PropertyValueSpecification","valueRequired":true,"valueName":"search_term_string"}}],"inLanguage":"en-US"}]}},"_links":{"self":[{"href":"https:\/\/fidelitytransfert.com\/en\/wp-json\/wp\/v2\/pages\/29","targetHints":{"allow":["GET"]}}],"collection":[{"href":"https:\/\/fidelitytransfert.com\/en\/wp-json\/wp\/v2\/pages"}],"about":[{"href":"https:\/\/fidelitytransfert.com\/en\/wp-json\/wp\/v2\/types\/page"}],"author":[{"embeddable":true,"href":"https:\/\/fidelitytransfert.com\/en\/wp-json\/wp\/v2\/users\/2"}],"replies":[{"embeddable":true,"href":"https:\/\/fidelitytransfert.com\/en\/wp-json\/wp\/v2\/comments?post=29"}],"version-history":[{"count":0,"href":"https:\/\/fidelitytransfert.com\/en\/wp-json\/wp\/v2\/pages\/29\/revisions"}],"wp:featuredmedia":[{"embeddable":true,"href":"https:\/\/fidelitytransfert.com\/en\/wp-json\/wp\/v2\/media\/3144"}],"wp:attachment":[{"href":"https:\/\/fidelitytransfert.com\/en\/wp-json\/wp\/v2\/media?parent=29"}],"curies":[{"name":"wp","href":"https:\/\/api.w.org\/{rel}","templated":true}]}}