{"id":11,"date":"2017-04-20T17:44:02","date_gmt":"2017-04-20T15:44:02","guid":{"rendered":"https:\/\/fidelitytransfert.com\/?page_id=11"},"modified":"2026-04-23T17:57:51","modified_gmt":"2026-04-23T17:57:51","slug":"legal-notices","status":"publish","type":"page","link":"https:\/\/fidelitytransfert.com\/en\/mentions-legales\/","title":{"rendered":"Legal notice"},"content":{"rendered":"<div data-elementor-type=\"wp-page\" data-elementor-id=\"11\" class=\"elementor elementor-11\" data-elementor-post-type=\"page\">\n\t\t\t\t\t\t<section class=\"elementor-section elementor-top-section elementor-element elementor-element-537e75b1 elementor-section-boxed elementor-section-height-default elementor-section-height-default\" data-id=\"537e75b1\" data-element_type=\"section\" data-e-type=\"section\">\n\t\t\t\t\t\t<div class=\"elementor-container elementor-column-gap-default\">\n\t\t\t\t\t<div class=\"elementor-column elementor-col-100 elementor-top-column elementor-element elementor-element-68c89f8e\" data-id=\"68c89f8e\" data-element_type=\"column\" data-e-type=\"column\">\n\t\t\t<div class=\"elementor-widget-wrap elementor-element-populated\">\n\t\t\t\t\t\t<div class=\"elementor-element elementor-element-6a5ec02 elementor-widget elementor-widget-heading\" data-id=\"6a5ec02\" data-element_type=\"widget\" data-e-type=\"widget\" data-widget_type=\"heading.default\">\n\t\t\t\t<div class=\"elementor-widget-container\">\n\t\t\t\t\t<h1 class=\"elementor-heading-title elementor-size-default\">Legal notice<\/h1>\t\t\t\t<\/div>\n\t\t\t\t<\/div>\n\t\t\t\t<div class=\"elementor-element elementor-element-256ef9d elementor-widget elementor-widget-spacer\" data-id=\"256ef9d\" data-element_type=\"widget\" data-e-type=\"widget\" data-widget_type=\"spacer.default\">\n\t\t\t\t<div class=\"elementor-widget-container\">\n\t\t\t\t\t\t\t<div class=\"elementor-spacer\">\n\t\t\t<div class=\"elementor-spacer-inner\"><\/div>\n\t\t<\/div>\n\t\t\t\t\t\t<\/div>\n\t\t\t\t<\/div>\n\t\t\t\t<div class=\"elementor-element elementor-element-703f5d2c elementor-widget elementor-widget-text-editor\" data-id=\"703f5d2c\" data-element_type=\"widget\" data-e-type=\"widget\" data-widget_type=\"text-editor.default\">\n\t\t\t\t<div class=\"elementor-widget-container\">\n\t\t\t\t\t\t\t\t\t<p><strong>The site <a href=\"https:\/\/fidelitytransfert.com\/en\/\">https:\/\/fidelitytransfert.com\/<\/a>\u00a0is published by:<\/strong><\/p><p>WebAudit France<br \/>245 rue du Marais, 73190 Challes-les-Eaux<br \/>SAS with a capital of \u20ac600<br \/>RCS Chamb\u00e9ry 823 628 698<br \/>contact(@)webaudit.fr<\/p><p><strong>The site <a href=\"https:\/\/fidelitytransfert.com\/en\/\">https:\/\/fidelitytransfert.com\/<\/a>\u00a0is published for:<\/strong><\/p><p>Company name: FIDELITY TRANSFER<br \/>SIRET: 79298075700019<br \/>VAT number: FR17792980757<br \/>Share capital: \u20ac1500<br \/>Address: 14 Rue du Pont Romain, 06400 Cannes, France<br \/>Address: 140 Avenue Marcel V\u00e9drine, 06250 Mougins, France<br \/>Telephone: +33760580839 &amp; +33665177014<br \/>Email: reserver(@)fidelitytransfert.com<br \/>Publishing Director: Yves Deranlot<\/p><p>Your website <a href=\"https:\/\/fidelitytransfert.com\/en\/\">Private hire vehicle in Cannes<\/a> was carried out by the Webaudit France team, the specialist in the creation of <a href=\"https:\/\/webaudit.fr\/vtc\/\">websites for ride-hailing drivers<\/a> with SEO optimization.<\/p><p>Find out more on\u00a0<a href=\"https:\/\/annuaire-vtc-france.fr\/\">annuaire-vtc-france.fr<\/a>\u00a0all of\u00a0<a href=\"https:\/\/annuaire-vtc-france.fr\/vtc-06-alpes-maritimes\/\">Private hire drivers in the Alpes-Maritimes and on the French Riviera<\/a><\/p><p><b>Hosting provider:<\/b><\/p><p>Infomaniak Network SA<br \/>25 Rue Eug\u00e8ne Marziano<br \/>1227 Les Acacias (GE)<br \/>Geneva Canton Commercial Register: CH-660.0.059.996-1<br \/>IDE number: CHE-103.167.648<br \/>VAT number: CHE-103.167.648<\/p><p><b>GDPR Regulations, Data Protection and Use of Cookies:<\/b><\/p><p>In accordance with the requirements of the General Data Protection Regulation (GDPR), we are committed to transparency and the protection of your personal data. For a clear understanding of how we collect, use, and protect your data, as well as our use of cookies to improve your experience on our website, please consult our <a href=\"#gdpr_cookie_modal\"><u>GDPR and Cookies Information Center<\/u><\/a>.<\/p><p>By clicking on this link, you will have access to our Privacy Statement and our Cookie Policy detailing our data protection and cookie usage practices, as well as your rights and choices regarding this information.<\/p><p><strong>Intellectual property<\/strong><\/p><p>All content on this site including, but not limited to, graphics, images, texts, videos, animations, sounds, logos, gifs and icons as well as their formatting are the exclusive property of WEBAUDIT FRANCE SAS with the exception of trademarks, logos or content belonging to other partner companies or authors.<br \/>Any reproduction, distribution, modification, adaptation, retransmission, or publication, even partial, of these elements is strictly prohibited without the express written consent of WEBAUDIT FRANCE SAS. Such representation or reproduction, by any means whatsoever, constitutes copyright infringement punishable under Articles L.335-2 et seq. of the French Intellectual Property Code. Failure to comply with this prohibition constitutes copyright infringement and may result in civil and criminal penalties. Furthermore, the owners of the copied content may take legal action against them.<\/p>\t\t\t\t\t\t\t\t<\/div>\n\t\t\t\t<\/div>\n\t\t\t\t\t<\/div>\n\t\t<\/div>\n\t\t\t\t\t<\/div>\n\t\t<\/section>\n\t\t\t\t<\/div>","protected":false},"excerpt":{"rendered":"<p>Mentions l\u00e9gales Le site https:\/\/fidelitytransfert.com\/\u00a0est \u00e9dit\u00e9 par : WebAudit France245 rue du Marais, 73190 Challes-les-EauxSAS au capital de 600\u20acRCS Chamb\u00e9ry 823 628 698contact(@)webaudit.fr Le site https:\/\/fidelitytransfert.com\/\u00a0est \u00e9dit\u00e9 pour : Raison sociale : FIDELITY TRANSFERTSIRET : 79298075700019Num\u00e9ro de TVA : FR17792980757Capital social : 1500\u20acAdresse : 14 Rue du Pont Romain, 06400 Cannes, FranceAdresse : 140 Avenue [&hellip;]<\/p>\n","protected":false},"author":2,"featured_media":0,"parent":0,"menu_order":0,"comment_status":"closed","ping_status":"closed","template":"","meta":{"footnotes":""},"class_list":["post-11","page","type-page","status-publish","hentry"],"yoast_head":"<!-- This site is optimized with the Yoast SEO plugin v27.5 - https:\/\/yoast.com\/product\/yoast-seo-wordpress\/ -->\n<title>Mentions l\u00e9gales - VTC Cannes: Fidelity Transfert VTC Cannes<\/title>\n<meta name=\"robots\" content=\"index, follow, max-snippet:-1, max-image-preview:large, max-video-preview:-1\" \/>\n<link rel=\"canonical\" href=\"https:\/\/fidelitytransfert.com\/en\/legal-notices\/\" \/>\n<meta property=\"og:locale\" content=\"en_US\" \/>\n<meta property=\"og:type\" content=\"article\" \/>\n<meta property=\"og:title\" content=\"Mentions l\u00e9gales - VTC Cannes: Fidelity Transfert VTC Cannes\" \/>\n<meta property=\"og:description\" content=\"Mentions l\u00e9gales Le site https:\/\/fidelitytransfert.com\/\u00a0est \u00e9dit\u00e9 par : WebAudit France245 rue du Marais, 73190 Challes-les-EauxSAS au capital de 600\u20acRCS Chamb\u00e9ry 823 628 698contact(@)webaudit.fr Le site https:\/\/fidelitytransfert.com\/\u00a0est \u00e9dit\u00e9 pour : Raison sociale : FIDELITY TRANSFERTSIRET : 79298075700019Num\u00e9ro de TVA : FR17792980757Capital social : 1500\u20acAdresse : 14 Rue du Pont Romain, 06400 Cannes, FranceAdresse : 140 Avenue [&hellip;]\" \/>\n<meta property=\"og:url\" content=\"https:\/\/fidelitytransfert.com\/en\/legal-notices\/\" \/>\n<meta property=\"og:site_name\" content=\"VTC Cannes: Fidelity Transfert VTC Cannes\" \/>\n<meta property=\"article:modified_time\" content=\"2026-04-23T17:57:51+00:00\" \/>\n<meta name=\"twitter:card\" content=\"summary_large_image\" \/>\n<meta name=\"twitter:label1\" content=\"Est. reading time\" \/>\n\t<meta name=\"twitter:data1\" content=\"3 minutes\" \/>\n<script type=\"application\/ld+json\" class=\"yoast-schema-graph\">{\"@context\":\"https:\\\/\\\/schema.org\",\"@graph\":[{\"@type\":\"WebPage\",\"@id\":\"https:\\\/\\\/fidelitytransfert.com\\\/mentions-legales\\\/\",\"url\":\"https:\\\/\\\/fidelitytransfert.com\\\/mentions-legales\\\/\",\"name\":\"Mentions l\u00e9gales - VTC Cannes: Fidelity Transfert VTC Cannes\",\"isPartOf\":{\"@id\":\"https:\\\/\\\/fidelitytransfert.com\\\/#website\"},\"datePublished\":\"2017-04-20T15:44:02+00:00\",\"dateModified\":\"2026-04-23T17:57:51+00:00\",\"breadcrumb\":{\"@id\":\"https:\\\/\\\/fidelitytransfert.com\\\/mentions-legales\\\/#breadcrumb\"},\"inLanguage\":\"en-US\",\"potentialAction\":[{\"@type\":\"ReadAction\",\"target\":[\"https:\\\/\\\/fidelitytransfert.com\\\/mentions-legales\\\/\"]}]},{\"@type\":\"BreadcrumbList\",\"@id\":\"https:\\\/\\\/fidelitytransfert.com\\\/mentions-legales\\\/#breadcrumb\",\"itemListElement\":[{\"@type\":\"ListItem\",\"position\":1,\"name\":\"Accueil\",\"item\":\"https:\\\/\\\/fidelitytransfert.com\\\/\"},{\"@type\":\"ListItem\",\"position\":2,\"name\":\"Mentions l\u00e9gales\"}]},{\"@type\":\"WebSite\",\"@id\":\"https:\\\/\\\/fidelitytransfert.com\\\/#website\",\"url\":\"https:\\\/\\\/fidelitytransfert.com\\\/\",\"name\":\"VTC Cannes Fidelity Transfert\",\"description\":\"R\u00e9server Chauffeur Priv\u00e9 VTC \u00e0 Cannes et sur la C\u00f4te d&#039;Azur\",\"potentialAction\":[{\"@type\":\"SearchAction\",\"target\":{\"@type\":\"EntryPoint\",\"urlTemplate\":\"https:\\\/\\\/fidelitytransfert.com\\\/?s={search_term_string}\"},\"query-input\":{\"@type\":\"PropertyValueSpecification\",\"valueRequired\":true,\"valueName\":\"search_term_string\"}}],\"inLanguage\":\"en-US\"}]}<\/script>\n<!-- \/ Yoast SEO plugin. -->","yoast_head_json":{"title":"Legal notice - Cannes private hire vehicle: Fidelity Transfert VTC Cannes","robots":{"index":"index","follow":"follow","max-snippet":"max-snippet:-1","max-image-preview":"max-image-preview:large","max-video-preview":"max-video-preview:-1"},"canonical":"https:\/\/fidelitytransfert.com\/en\/legal-notices\/","og_locale":"en_US","og_type":"article","og_title":"Mentions l\u00e9gales - VTC Cannes: Fidelity Transfert VTC Cannes","og_description":"Mentions l\u00e9gales Le site https:\/\/fidelitytransfert.com\/\u00a0est \u00e9dit\u00e9 par : WebAudit France245 rue du Marais, 73190 Challes-les-EauxSAS au capital de 600\u20acRCS Chamb\u00e9ry 823 628 698contact(@)webaudit.fr Le site https:\/\/fidelitytransfert.com\/\u00a0est \u00e9dit\u00e9 pour : Raison sociale : FIDELITY TRANSFERTSIRET : 79298075700019Num\u00e9ro de TVA : FR17792980757Capital social : 1500\u20acAdresse : 14 Rue du Pont Romain, 06400 Cannes, FranceAdresse : 140 Avenue [&hellip;]","og_url":"https:\/\/fidelitytransfert.com\/en\/legal-notices\/","og_site_name":"VTC Cannes: Fidelity Transfert VTC Cannes","article_modified_time":"2026-04-23T17:57:51+00:00","twitter_card":"summary_large_image","twitter_misc":{"Est. reading time":"3 minutes"},"schema":{"@context":"https:\/\/schema.org","@graph":[{"@type":"WebPage","@id":"https:\/\/fidelitytransfert.com\/mentions-legales\/","url":"https:\/\/fidelitytransfert.com\/mentions-legales\/","name":"Legal notice - Cannes private hire vehicle: Fidelity Transfert VTC Cannes","isPartOf":{"@id":"https:\/\/fidelitytransfert.com\/#website"},"datePublished":"2017-04-20T15:44:02+00:00","dateModified":"2026-04-23T17:57:51+00:00","breadcrumb":{"@id":"https:\/\/fidelitytransfert.com\/mentions-legales\/#breadcrumb"},"inLanguage":"en-US","potentialAction":[{"@type":"ReadAction","target":["https:\/\/fidelitytransfert.com\/mentions-legales\/"]}]},{"@type":"BreadcrumbList","@id":"https:\/\/fidelitytransfert.com\/mentions-legales\/#breadcrumb","itemListElement":[{"@type":"ListItem","position":1,"name":"Accueil","item":"https:\/\/fidelitytransfert.com\/"},{"@type":"ListItem","position":2,"name":"Mentions l\u00e9gales"}]},{"@type":"WebSite","@id":"https:\/\/fidelitytransfert.com\/#website","url":"https:\/\/fidelitytransfert.com\/","name":"Fidelity Transfer VTC Cannes","description":"Book a private chauffeur service in Cannes and on the French Riviera","potentialAction":[{"@type":"SearchAction","target":{"@type":"EntryPoint","urlTemplate":"https:\/\/fidelitytransfert.com\/?s={search_term_string}"},"query-input":{"@type":"PropertyValueSpecification","valueRequired":true,"valueName":"search_term_string"}}],"inLanguage":"en-US"}]}},"_links":{"self":[{"href":"https:\/\/fidelitytransfert.com\/en\/wp-json\/wp\/v2\/pages\/11","targetHints":{"allow":["GET"]}}],"collection":[{"href":"https:\/\/fidelitytransfert.com\/en\/wp-json\/wp\/v2\/pages"}],"about":[{"href":"https:\/\/fidelitytransfert.com\/en\/wp-json\/wp\/v2\/types\/page"}],"author":[{"embeddable":true,"href":"https:\/\/fidelitytransfert.com\/en\/wp-json\/wp\/v2\/users\/2"}],"replies":[{"embeddable":true,"href":"https:\/\/fidelitytransfert.com\/en\/wp-json\/wp\/v2\/comments?post=11"}],"version-history":[{"count":3,"href":"https:\/\/fidelitytransfert.com\/en\/wp-json\/wp\/v2\/pages\/11\/revisions"}],"predecessor-version":[{"id":3274,"href":"https:\/\/fidelitytransfert.com\/en\/wp-json\/wp\/v2\/pages\/11\/revisions\/3274"}],"wp:attachment":[{"href":"https:\/\/fidelitytransfert.com\/en\/wp-json\/wp\/v2\/media?parent=11"}],"curies":[{"name":"wp","href":"https:\/\/api.w.org\/{rel}","templated":true}]}}